{"id":9624,"date":"2025-09-04T16:06:13","date_gmt":"2025-09-04T14:06:13","guid":{"rendered":"https:\/\/actistress.com\/?page_id=9624"},"modified":"2025-10-30T17:32:02","modified_gmt":"2025-10-30T16:32:02","slug":"ateliers","status":"publish","type":"page","link":"https:\/\/actistress.com\/fr\/qvct-formations\/ateliers\/","title":{"rendered":"Ateliers"},"content":{"rendered":"\t\t<div data-elementor-type=\"wp-page\" data-elementor-id=\"9624\" class=\"elementor elementor-9624\">\n\t\t\t\t\t\t<section class=\"elementor-section elementor-top-section elementor-element elementor-element-dac6ded elementor-section-content-middle elementor-reverse-mobile elementor-section-boxed elementor-section-height-default elementor-section-height-default\" data-id=\"dac6ded\" data-element_type=\"section\" data-e-type=\"section\" data-settings=\"{&quot;background_background&quot;:&quot;classic&quot;}\">\n\t\t\t\t\t\t\t<div class=\"elementor-background-overlay\"><\/div>\n\t\t\t\t\t\t\t<div class=\"elementor-container elementor-column-gap-extended\">\n\t\t\t\t\t<div class=\"elementor-column elementor-col-100 elementor-top-column elementor-element elementor-element-c7b501a\" data-id=\"c7b501a\" data-element_type=\"column\" data-e-type=\"column\">\n\t\t\t<div class=\"elementor-widget-wrap\">\n\t\t\t\t\t\t\t<\/div>\n\t\t<\/div>\n\t\t\t\t\t<\/div>\n\t\t<\/section>\n\t\t<div class=\"elementor-element elementor-element-6d752f2 e-flex e-con-boxed e-con e-parent\" data-id=\"6d752f2\" data-element_type=\"container\" data-e-type=\"container\">\n\t\t\t\t\t<div class=\"e-con-inner\">\n\t\t\t\t<div class=\"elementor-element elementor-element-912143e elementor-align-left elementor-widget elementor-widget-button\" data-id=\"912143e\" data-element_type=\"widget\" data-e-type=\"widget\" data-widget_type=\"button.default\">\n\t\t\t\t\t\t\t\t\t\t<a class=\"elementor-button elementor-button-link elementor-size-sm\" href=\"https:\/\/actistress.com\/qvct-formations\/\">\n\t\t\t\t\t\t<span class=\"elementor-button-content-wrapper\">\n\t\t\t\t\t\t<span class=\"elementor-button-icon\">\n\t\t\t\t<i aria-hidden=\"true\" class=\"fas fa-angle-left\"><\/i>\t\t\t<\/span>\n\t\t\t\t\t\t\t\t\t<span class=\"elementor-button-text\">Retour<\/span>\n\t\t\t\t\t<\/span>\n\t\t\t\t\t<\/a>\n\t\t\t\t\t\t\t\t<\/div>\n\t\t\t\t\t<\/div>\n\t\t\t\t<\/div>\n\t\t<div class=\"elementor-element elementor-element-c25551e e-flex e-con-boxed e-con e-parent\" data-id=\"c25551e\" data-element_type=\"container\" data-e-type=\"container\">\n\t\t\t\t\t<div class=\"e-con-inner\">\n\t\t<div class=\"elementor-element elementor-element-88d8eeb e-flex e-con-boxed e-con e-child\" data-id=\"88d8eeb\" data-element_type=\"container\" data-e-type=\"container\" data-settings=\"{&quot;background_background&quot;:&quot;classic&quot;}\">\n\t\t\t\t\t<div class=\"e-con-inner\">\n\t\t\t\t<div class=\"elementor-element elementor-element-e7305f5 elementor-widget__width-inherit elementor-absolute elementor-widget elementor-widget-image\" data-id=\"e7305f5\" data-element_type=\"widget\" data-e-type=\"widget\" data-settings=\"{&quot;_position&quot;:&quot;absolute&quot;}\" data-widget_type=\"image.default\">\n\t\t\t\t\t\t\t\t\t\t\t\t\t\t\t<img decoding=\"async\" width=\"65\" height=\"90\" src=\"https:\/\/actistress.com\/wp-content\/uploads\/2024\/03\/punaise-1.png\" class=\"attachment-medium size-medium wp-image-8505\" alt=\"\" srcset=\"https:\/\/actistress.com\/wp-content\/uploads\/2024\/03\/punaise-1.png 65w, https:\/\/actistress.com\/wp-content\/uploads\/2024\/03\/punaise-1-9x12.png 9w\" sizes=\"(max-width: 65px) 100vw, 65px\" \/>\t\t\t\t\t\t\t\t\t\t\t\t\t\t\t<\/div>\n\t\t<div class=\"elementor-element elementor-element-b2db2db e-con-full e-flex e-con e-child\" data-id=\"b2db2db\" data-element_type=\"container\" data-e-type=\"container\">\n\t\t\t\t<div class=\"elementor-element elementor-element-ebe39d7 elementor-widget elementor-widget-heading\" data-id=\"ebe39d7\" data-element_type=\"widget\" data-e-type=\"widget\" data-widget_type=\"heading.default\">\n\t\t\t\t\t<h1 class=\"elementor-heading-title elementor-size-default\">Ateliers<\/h1>\t\t\t\t<\/div>\n\t\t\t\t<\/div>\n\t\t<div class=\"elementor-element elementor-element-1d11627 e-con-full e-flex e-con e-child\" data-id=\"1d11627\" data-element_type=\"container\" data-e-type=\"container\">\n\t\t\t\t<div class=\"elementor-element elementor-element-a4a0a0e elementor-widget__width-initial elementor-absolute elementor-hidden-mobile elementor-widget elementor-widget-image\" data-id=\"a4a0a0e\" data-element_type=\"widget\" data-e-type=\"widget\" data-settings=\"{&quot;_position&quot;:&quot;absolute&quot;}\" data-widget_type=\"image.default\">\n\t\t\t\t\t\t\t\t\t\t\t\t\t\t\t<img fetchpriority=\"high\" decoding=\"async\" width=\"624\" height=\"626\" src=\"https:\/\/actistress.com\/wp-content\/uploads\/2024\/04\/ligne.png\" class=\"attachment-large size-large wp-image-8760\" alt=\"\" srcset=\"https:\/\/actistress.com\/wp-content\/uploads\/2024\/04\/ligne.png 624w, https:\/\/actistress.com\/wp-content\/uploads\/2024\/04\/ligne-300x300.png 300w, https:\/\/actistress.com\/wp-content\/uploads\/2024\/04\/ligne-150x150.png 150w, https:\/\/actistress.com\/wp-content\/uploads\/2024\/04\/ligne-12x12.png 12w\" sizes=\"(max-width: 624px) 100vw, 624px\" \/>\t\t\t\t\t\t\t\t\t\t\t\t\t\t\t<\/div>\n\t\t\t\t<\/div>\n\t\t<div class=\"elementor-element elementor-element-0361177 e-flex e-con-boxed e-con e-child\" data-id=\"0361177\" data-element_type=\"container\" data-e-type=\"container\">\n\t\t\t\t\t<div class=\"e-con-inner\">\n\t\t\t\t<div class=\"elementor-element elementor-element-2213230 elementor-widget elementor-widget-image\" data-id=\"2213230\" data-element_type=\"widget\" data-e-type=\"widget\" data-widget_type=\"image.default\">\n\t\t\t\t\t\t\t\t\t\t\t\t\t\t\t<img decoding=\"async\" width=\"748\" height=\"317\" src=\"https:\/\/actistress.com\/wp-content\/uploads\/2025\/10\/logo-actistress.png\" class=\"attachment-medium_large size-medium_large wp-image-9925\" alt=\"\" srcset=\"https:\/\/actistress.com\/wp-content\/uploads\/2025\/10\/logo-actistress.png 748w, https:\/\/actistress.com\/wp-content\/uploads\/2025\/10\/logo-actistress-300x127.png 300w, https:\/\/actistress.com\/wp-content\/uploads\/2025\/10\/logo-actistress-18x8.png 18w\" sizes=\"(max-width: 748px) 100vw, 748px\" \/>\t\t\t\t\t\t\t\t\t\t\t\t\t\t\t<\/div>\n\t\t\t\t\t<\/div>\n\t\t\t\t<\/div>\n\t\t\t\t\t<\/div>\n\t\t\t\t<\/div>\n\t\t\t\t\t<\/div>\n\t\t\t\t<\/div>\n\t\t<div class=\"elementor-element elementor-element-1aeb6d0 e-flex e-con-boxed e-con e-parent\" data-id=\"1aeb6d0\" data-element_type=\"container\" data-e-type=\"container\">\n\t\t\t\t\t<div class=\"e-con-inner\">\n\t\t<div class=\"elementor-element elementor-element-09d29a8 e-con-full e-flex e-con e-child\" data-id=\"09d29a8\" data-element_type=\"container\" data-e-type=\"container\">\n\t\t\t\t<div class=\"elementor-element elementor-element-4f9a4ab elementor-widget elementor-widget-text-editor\" data-id=\"4f9a4ab\" data-element_type=\"widget\" data-e-type=\"widget\" data-widget_type=\"text-editor.default\">\n\t\t\t\t\t\t\t\t\t<p>Nos ateliers, propos\u00e9s en pr\u00e9sentiel ou \u00e0 distance, offrent les bases essentielles de connaissances et de pratiques pour devenir \u201cstress comp\u00e9tent\u201d. \u00c0 travers des apports th\u00e9oriques accessibles, la pratiques d\u2019exercices, nous accompagnons chacun vers une meilleure compr\u00e9hension et pr\u00e9paration au stress au quotidien.<br \/>Formats flexibles et adaptables : ateliers courts, demi-journ\u00e9es ou interventions sur-mesure.<\/p><p>\u27a1 Dites-nous vos besoins, nous nous adaptons \u00e0 votre organisation et \u00e0 vos objectifs.<\/p>\t\t\t\t\t\t\t\t<\/div>\n\t\t<div class=\"elementor-element elementor-element-8310b6b e-con-full e-flex e-con e-child\" data-id=\"8310b6b\" data-element_type=\"container\" data-e-type=\"container\">\n\t\t\t\t<div class=\"elementor-element elementor-element-d0f7c73 elementor-align-left elementor-mobile-align-center elementor-widget elementor-widget-button\" data-id=\"d0f7c73\" data-element_type=\"widget\" data-e-type=\"widget\" data-widget_type=\"button.default\">\n\t\t\t\t\t\t\t\t\t\t<a class=\"elementor-button elementor-button-link elementor-size-sm\" href=\"https:\/\/calendar.app.google\/zFn7p1PzNkEMRFZj7\" target=\"_blank\">\n\t\t\t\t\t\t<span class=\"elementor-button-content-wrapper\">\n\t\t\t\t\t\t<span class=\"elementor-button-icon\">\n\t\t\t\t<i aria-hidden=\"true\" class=\"fas fa-calendar-day\"><\/i>\t\t\t<\/span>\n\t\t\t\t\t\t\t\t\t<span class=\"elementor-button-text\">Rendez-vous d'information<\/span>\n\t\t\t\t\t<\/span>\n\t\t\t\t\t<\/a>\n\t\t\t\t\t\t\t\t<\/div>\n\t\t\t\t<\/div>\n\t\t\t\t<\/div>\n\t\t\t\t\t<\/div>\n\t\t\t\t<\/div>\n\t\t\t\t<\/div>\n\t\t","protected":false},"excerpt":{"rendered":"<p>Retour Ateliers Nos ateliers, propos\u00e9s en pr\u00e9sentiel ou \u00e0 distance, offrent les bases essentielles de connaissances et de pratiques pour devenir \u201cstress comp\u00e9tent\u201d. \u00c0 travers des apports th\u00e9oriques accessibles, la pratiques d\u2019exercices, nous accompagnons chacun vers une meilleure compr\u00e9hension et pr\u00e9paration au stress au quotidien.Formats flexibles et adaptables : ateliers courts, demi-journ\u00e9es ou interventions sur-mesure. [&hellip;]<\/p>\n","protected":false},"author":1,"featured_media":0,"parent":9620,"menu_order":0,"comment_status":"closed","ping_status":"closed","template":"","meta":{"_acf_changed":false,"site-sidebar-layout":"no-sidebar","site-content-layout":"page-builder","ast-site-content-layout":"full-width-container","site-content-style":"default","site-sidebar-style":"default","ast-global-header-display":"","ast-banner-title-visibility":"","ast-main-header-display":"","ast-hfb-above-header-display":"","ast-hfb-below-header-display":"","ast-hfb-mobile-header-display":"","site-post-title":"","ast-breadcrumbs-content":"","ast-featured-img":"disabled","footer-sml-layout":"","ast-disable-related-posts":"","theme-transparent-header-meta":"","adv-header-id-meta":"","stick-header-meta":"","header-above-stick-meta":"","header-main-stick-meta":"","header-below-stick-meta":"","astra-migrate-meta-layouts":"set","ast-page-background-enabled":"default","ast-page-background-meta":{"desktop":{"background-color":"","background-image":"","background-repeat":"repeat","background-position":"center center","background-size":"auto","background-attachment":"scroll","background-type":"","background-media":"","overlay-type":"","overlay-color":"","overlay-opacity":"","overlay-gradient":""},"tablet":{"background-color":"","background-image":"","background-repeat":"repeat","background-position":"center center","background-size":"auto","background-attachment":"scroll","background-type":"","background-media":"","overlay-type":"","overlay-color":"","overlay-opacity":"","overlay-gradient":""},"mobile":{"background-color":"","background-image":"","background-repeat":"repeat","background-position":"center center","background-size":"auto","background-attachment":"scroll","background-type":"","background-media":"","overlay-type":"","overlay-color":"","overlay-opacity":"","overlay-gradient":""}},"ast-content-background-meta":{"desktop":{"background-color":"var(--ast-global-color-5)","background-image":"","background-repeat":"repeat","background-position":"center center","background-size":"auto","background-attachment":"scroll","background-type":"","background-media":"","overlay-type":"","overlay-color":"","overlay-opacity":"","overlay-gradient":""},"tablet":{"background-color":"var(--ast-global-color-5)","background-image":"","background-repeat":"repeat","background-position":"center center","background-size":"auto","background-attachment":"scroll","background-type":"","background-media":"","overlay-type":"","overlay-color":"","overlay-opacity":"","overlay-gradient":""},"mobile":{"background-color":"var(--ast-global-color-5)","background-image":"","background-repeat":"repeat","background-position":"center center","background-size":"auto","background-attachment":"scroll","background-type":"","background-media":"","overlay-type":"","overlay-color":"","overlay-opacity":"","overlay-gradient":""}},"footnotes":""},"class_list":["post-9624","page","type-page","status-publish","hentry"],"acf":[],"yoast_head":"<!-- This site is optimized with the Yoast SEO plugin v27.3 - https:\/\/yoast.com\/product\/yoast-seo-wordpress\/ -->\n<title>Ateliers - Actistress : Pr\u00e9vention et Traitement du stress par la m\u00e9thode de la recorporation active<\/title>\n<meta name=\"robots\" content=\"index, follow, max-snippet:-1, max-image-preview:large, max-video-preview:-1\" \/>\n<link rel=\"canonical\" href=\"https:\/\/actistress.com\/fr\/qvct-formations\/ateliers\/\" \/>\n<meta property=\"og:locale\" content=\"fr_FR\" \/>\n<meta property=\"og:type\" content=\"article\" \/>\n<meta property=\"og:title\" content=\"Ateliers - Actistress : Pr\u00e9vention et Traitement du stress par la m\u00e9thode de la recorporation active\" \/>\n<meta property=\"og:description\" content=\"Retour Ateliers Nos ateliers, propos\u00e9s en pr\u00e9sentiel ou \u00e0 distance, offrent les bases essentielles de connaissances et de pratiques pour devenir \u201cstress comp\u00e9tent\u201d. \u00c0 travers des apports th\u00e9oriques accessibles, la pratiques d\u2019exercices, nous accompagnons chacun vers une meilleure compr\u00e9hension et pr\u00e9paration au stress au quotidien.Formats flexibles et adaptables : ateliers courts, demi-journ\u00e9es ou interventions sur-mesure. [&hellip;]\" \/>\n<meta property=\"og:url\" content=\"https:\/\/actistress.com\/fr\/qvct-formations\/ateliers\/\" \/>\n<meta property=\"og:site_name\" content=\"Actistress : Pr\u00e9vention et Traitement du stress par la m\u00e9thode de la recorporation active\" \/>\n<meta property=\"article:publisher\" content=\"http:\/\/facebook.com\/actistress\" \/>\n<meta property=\"article:modified_time\" content=\"2025-10-30T16:32:02+00:00\" \/>\n<meta property=\"og:image\" content=\"https:\/\/actistress.com\/wp-content\/uploads\/2024\/03\/punaise-1.png\" \/>\n\t<meta property=\"og:image:width\" content=\"65\" \/>\n\t<meta property=\"og:image:height\" content=\"90\" \/>\n\t<meta property=\"og:image:type\" content=\"image\/png\" \/>\n<meta name=\"twitter:card\" content=\"summary_large_image\" \/>\n<meta name=\"twitter:site\" content=\"@actistress\" \/>\n<meta name=\"twitter:label1\" content=\"Dur\u00e9e de lecture estim\u00e9e\" \/>\n\t<meta name=\"twitter:data1\" content=\"2 minutes\" \/>\n<script type=\"application\/ld+json\" class=\"yoast-schema-graph\">{\"@context\":\"https:\\\/\\\/schema.org\",\"@graph\":[{\"@type\":\"WebPage\",\"@id\":\"https:\\\/\\\/actistress.com\\\/qvct-formations\\\/ateliers\\\/\",\"url\":\"https:\\\/\\\/actistress.com\\\/qvct-formations\\\/ateliers\\\/\",\"name\":\"Ateliers - Actistress : Pr\u00e9vention et Traitement du stress par la m\u00e9thode de la recorporation active\",\"isPartOf\":{\"@id\":\"https:\\\/\\\/actistress.com\\\/fr\\\/#website\"},\"primaryImageOfPage\":{\"@id\":\"https:\\\/\\\/actistress.com\\\/qvct-formations\\\/ateliers\\\/#primaryimage\"},\"image\":{\"@id\":\"https:\\\/\\\/actistress.com\\\/qvct-formations\\\/ateliers\\\/#primaryimage\"},\"thumbnailUrl\":\"https:\\\/\\\/actistress.com\\\/wp-content\\\/uploads\\\/2024\\\/03\\\/punaise-1.png\",\"datePublished\":\"2025-09-04T14:06:13+00:00\",\"dateModified\":\"2025-10-30T16:32:02+00:00\",\"breadcrumb\":{\"@id\":\"https:\\\/\\\/actistress.com\\\/qvct-formations\\\/ateliers\\\/#breadcrumb\"},\"inLanguage\":\"fr-FR\",\"potentialAction\":[{\"@type\":\"ReadAction\",\"target\":[\"https:\\\/\\\/actistress.com\\\/qvct-formations\\\/ateliers\\\/\"]}]},{\"@type\":\"ImageObject\",\"inLanguage\":\"fr-FR\",\"@id\":\"https:\\\/\\\/actistress.com\\\/qvct-formations\\\/ateliers\\\/#primaryimage\",\"url\":\"https:\\\/\\\/actistress.com\\\/wp-content\\\/uploads\\\/2024\\\/03\\\/punaise-1.png\",\"contentUrl\":\"https:\\\/\\\/actistress.com\\\/wp-content\\\/uploads\\\/2024\\\/03\\\/punaise-1.png\"},{\"@type\":\"BreadcrumbList\",\"@id\":\"https:\\\/\\\/actistress.com\\\/qvct-formations\\\/ateliers\\\/#breadcrumb\",\"itemListElement\":[{\"@type\":\"ListItem\",\"position\":1,\"name\":\"Accueil\",\"item\":\"https:\\\/\\\/actistress.com\\\/\"},{\"@type\":\"ListItem\",\"position\":2,\"name\":\"QVCT Formations\",\"item\":\"https:\\\/\\\/actistress.com\\\/qvct-formations\\\/\"},{\"@type\":\"ListItem\",\"position\":3,\"name\":\"Ateliers\"}]},{\"@type\":\"WebSite\",\"@id\":\"https:\\\/\\\/actistress.com\\\/fr\\\/#website\",\"url\":\"https:\\\/\\\/actistress.com\\\/fr\\\/\",\"name\":\"Actistress : Pr\u00e9vention et Traitement du stress par la m\u00e9thode de la recorporation active\",\"description\":\"\",\"publisher\":{\"@id\":\"https:\\\/\\\/actistress.com\\\/fr\\\/#organization\"},\"potentialAction\":[{\"@type\":\"SearchAction\",\"target\":{\"@type\":\"EntryPoint\",\"urlTemplate\":\"https:\\\/\\\/actistress.com\\\/fr\\\/?s={search_term_string}\"},\"query-input\":{\"@type\":\"PropertyValueSpecification\",\"valueRequired\":true,\"valueName\":\"search_term_string\"}}],\"inLanguage\":\"fr-FR\"},{\"@type\":\"Organization\",\"@id\":\"https:\\\/\\\/actistress.com\\\/fr\\\/#organization\",\"name\":\"Actistress\",\"url\":\"https:\\\/\\\/actistress.com\\\/fr\\\/\",\"logo\":{\"@type\":\"ImageObject\",\"inLanguage\":\"fr-FR\",\"@id\":\"https:\\\/\\\/actistress.com\\\/fr\\\/#\\\/schema\\\/logo\\\/image\\\/\",\"url\":\"https:\\\/\\\/actistress.com\\\/wp-content\\\/uploads\\\/2020\\\/06\\\/logo-1.png\",\"contentUrl\":\"https:\\\/\\\/actistress.com\\\/wp-content\\\/uploads\\\/2020\\\/06\\\/logo-1.png\",\"width\":1428,\"height\":781,\"caption\":\"Actistress\"},\"image\":{\"@id\":\"https:\\\/\\\/actistress.com\\\/fr\\\/#\\\/schema\\\/logo\\\/image\\\/\"},\"sameAs\":[\"http:\\\/\\\/facebook.com\\\/actistress\",\"https:\\\/\\\/x.com\\\/actistress\",\"http:\\\/\\\/instagram.com\\\/actistress\",\"http:\\\/\\\/linkedin.com\\\/company\\\/actistress\",\"https:\\\/\\\/www.youtube.com\\\/channel\\\/UCyQTHYldyX9uD0QpLdyk0ag\"]}]}<\/script>\n<!-- \/ Yoast SEO plugin. -->","yoast_head_json":{"title":"Ateliers - Actistress : Pr\u00e9vention et Traitement du stress par la m\u00e9thode de la recorporation active","robots":{"index":"index","follow":"follow","max-snippet":"max-snippet:-1","max-image-preview":"max-image-preview:large","max-video-preview":"max-video-preview:-1"},"canonical":"https:\/\/actistress.com\/fr\/qvct-formations\/ateliers\/","og_locale":"fr_FR","og_type":"article","og_title":"Ateliers - Actistress : Pr\u00e9vention et Traitement du stress par la m\u00e9thode de la recorporation active","og_description":"Retour Ateliers Nos ateliers, propos\u00e9s en pr\u00e9sentiel ou \u00e0 distance, offrent les bases essentielles de connaissances et de pratiques pour devenir \u201cstress comp\u00e9tent\u201d. \u00c0 travers des apports th\u00e9oriques accessibles, la pratiques d\u2019exercices, nous accompagnons chacun vers une meilleure compr\u00e9hension et pr\u00e9paration au stress au quotidien.Formats flexibles et adaptables : ateliers courts, demi-journ\u00e9es ou interventions sur-mesure. [&hellip;]","og_url":"https:\/\/actistress.com\/fr\/qvct-formations\/ateliers\/","og_site_name":"Actistress : Pr\u00e9vention et Traitement du stress par la m\u00e9thode de la recorporation active","article_publisher":"http:\/\/facebook.com\/actistress","article_modified_time":"2025-10-30T16:32:02+00:00","og_image":[{"width":65,"height":90,"url":"https:\/\/actistress.com\/wp-content\/uploads\/2024\/03\/punaise-1.png","type":"image\/png"}],"twitter_card":"summary_large_image","twitter_site":"@actistress","twitter_misc":{"Dur\u00e9e de lecture estim\u00e9e":"2 minutes"},"schema":{"@context":"https:\/\/schema.org","@graph":[{"@type":"WebPage","@id":"https:\/\/actistress.com\/qvct-formations\/ateliers\/","url":"https:\/\/actistress.com\/qvct-formations\/ateliers\/","name":"Ateliers - Actistress : Pr\u00e9vention et Traitement du stress par la m\u00e9thode de la recorporation active","isPartOf":{"@id":"https:\/\/actistress.com\/fr\/#website"},"primaryImageOfPage":{"@id":"https:\/\/actistress.com\/qvct-formations\/ateliers\/#primaryimage"},"image":{"@id":"https:\/\/actistress.com\/qvct-formations\/ateliers\/#primaryimage"},"thumbnailUrl":"https:\/\/actistress.com\/wp-content\/uploads\/2024\/03\/punaise-1.png","datePublished":"2025-09-04T14:06:13+00:00","dateModified":"2025-10-30T16:32:02+00:00","breadcrumb":{"@id":"https:\/\/actistress.com\/qvct-formations\/ateliers\/#breadcrumb"},"inLanguage":"fr-FR","potentialAction":[{"@type":"ReadAction","target":["https:\/\/actistress.com\/qvct-formations\/ateliers\/"]}]},{"@type":"ImageObject","inLanguage":"fr-FR","@id":"https:\/\/actistress.com\/qvct-formations\/ateliers\/#primaryimage","url":"https:\/\/actistress.com\/wp-content\/uploads\/2024\/03\/punaise-1.png","contentUrl":"https:\/\/actistress.com\/wp-content\/uploads\/2024\/03\/punaise-1.png"},{"@type":"BreadcrumbList","@id":"https:\/\/actistress.com\/qvct-formations\/ateliers\/#breadcrumb","itemListElement":[{"@type":"ListItem","position":1,"name":"Accueil","item":"https:\/\/actistress.com\/"},{"@type":"ListItem","position":2,"name":"QVCT Formations","item":"https:\/\/actistress.com\/qvct-formations\/"},{"@type":"ListItem","position":3,"name":"Ateliers"}]},{"@type":"WebSite","@id":"https:\/\/actistress.com\/fr\/#website","url":"https:\/\/actistress.com\/fr\/","name":"Actistress : Pr\u00e9vention et Traitement du stress par la m\u00e9thode de la recorporation active","description":"","publisher":{"@id":"https:\/\/actistress.com\/fr\/#organization"},"potentialAction":[{"@type":"SearchAction","target":{"@type":"EntryPoint","urlTemplate":"https:\/\/actistress.com\/fr\/?s={search_term_string}"},"query-input":{"@type":"PropertyValueSpecification","valueRequired":true,"valueName":"search_term_string"}}],"inLanguage":"fr-FR"},{"@type":"Organization","@id":"https:\/\/actistress.com\/fr\/#organization","name":"Actistress","url":"https:\/\/actistress.com\/fr\/","logo":{"@type":"ImageObject","inLanguage":"fr-FR","@id":"https:\/\/actistress.com\/fr\/#\/schema\/logo\/image\/","url":"https:\/\/actistress.com\/wp-content\/uploads\/2020\/06\/logo-1.png","contentUrl":"https:\/\/actistress.com\/wp-content\/uploads\/2020\/06\/logo-1.png","width":1428,"height":781,"caption":"Actistress"},"image":{"@id":"https:\/\/actistress.com\/fr\/#\/schema\/logo\/image\/"},"sameAs":["http:\/\/facebook.com\/actistress","https:\/\/x.com\/actistress","http:\/\/instagram.com\/actistress","http:\/\/linkedin.com\/company\/actistress","https:\/\/www.youtube.com\/channel\/UCyQTHYldyX9uD0QpLdyk0ag"]}]}},"_links":{"self":[{"href":"https:\/\/actistress.com\/fr\/wp-json\/wp\/v2\/pages\/9624","targetHints":{"allow":["GET"]}}],"collection":[{"href":"https:\/\/actistress.com\/fr\/wp-json\/wp\/v2\/pages"}],"about":[{"href":"https:\/\/actistress.com\/fr\/wp-json\/wp\/v2\/types\/page"}],"author":[{"embeddable":true,"href":"https:\/\/actistress.com\/fr\/wp-json\/wp\/v2\/users\/1"}],"replies":[{"embeddable":true,"href":"https:\/\/actistress.com\/fr\/wp-json\/wp\/v2\/comments?post=9624"}],"version-history":[{"count":22,"href":"https:\/\/actistress.com\/fr\/wp-json\/wp\/v2\/pages\/9624\/revisions"}],"predecessor-version":[{"id":10056,"href":"https:\/\/actistress.com\/fr\/wp-json\/wp\/v2\/pages\/9624\/revisions\/10056"}],"up":[{"embeddable":true,"href":"https:\/\/actistress.com\/fr\/wp-json\/wp\/v2\/pages\/9620"}],"wp:attachment":[{"href":"https:\/\/actistress.com\/fr\/wp-json\/wp\/v2\/media?parent=9624"}],"curies":[{"name":"wp","href":"https:\/\/api.w.org\/{rel}","templated":true}]}}