{"id":9615,"date":"2025-09-04T15:59:05","date_gmt":"2025-09-04T13:59:05","guid":{"rendered":"https:\/\/actistress.com\/?page_id=9615"},"modified":"2025-10-30T15:22:00","modified_gmt":"2025-10-30T14:22:00","slug":"nous-decouvrir","status":"publish","type":"page","link":"https:\/\/actistress.com\/fr\/nous-decouvrir\/","title":{"rendered":"Nous d\u00e9couvrir"},"content":{"rendered":"\t\t<div data-elementor-type=\"wp-page\" data-elementor-id=\"9615\" class=\"elementor elementor-9615\">\n\t\t\t\t\t\t<section class=\"elementor-section elementor-top-section elementor-element elementor-element-36581ae elementor-section-content-middle elementor-reverse-mobile elementor-section-boxed elementor-section-height-default elementor-section-height-default\" data-id=\"36581ae\" data-element_type=\"section\" data-e-type=\"section\" data-settings=\"{&quot;background_background&quot;:&quot;classic&quot;}\">\n\t\t\t\t\t\t\t<div class=\"elementor-background-overlay\"><\/div>\n\t\t\t\t\t\t\t<div class=\"elementor-container elementor-column-gap-extended\">\n\t\t\t\t\t<div class=\"elementor-column elementor-col-100 elementor-top-column elementor-element elementor-element-eba846e\" data-id=\"eba846e\" data-element_type=\"column\" data-e-type=\"column\">\n\t\t\t<div class=\"elementor-widget-wrap elementor-element-populated\">\n\t\t\t\t\t\t<div class=\"elementor-element elementor-element-a76f547 elementor-widget elementor-widget-heading\" data-id=\"a76f547\" data-element_type=\"widget\" data-e-type=\"widget\" data-widget_type=\"heading.default\">\n\t\t\t\t\t<h1 class=\"elementor-heading-title elementor-size-default\">Nous d\u00e9couvrir<\/h1>\t\t\t\t<\/div>\n\t\t\t\t<div class=\"elementor-element elementor-element-1a7db98 elementor-widget elementor-widget-image\" data-id=\"1a7db98\" data-element_type=\"widget\" data-e-type=\"widget\" data-widget_type=\"image.default\">\n\t\t\t\t\t\t\t\t\t\t\t\t\t\t\t<img decoding=\"async\" width=\"1024\" height=\"29\" src=\"https:\/\/actistress.com\/wp-content\/uploads\/2024\/03\/bande-blanche-1024x29.png\" class=\"attachment-large size-large wp-image-8502\" alt=\"\" srcset=\"https:\/\/actistress.com\/wp-content\/uploads\/2024\/03\/bande-blanche-1024x29.png 1024w, https:\/\/actistress.com\/wp-content\/uploads\/2024\/03\/bande-blanche-300x8.png 300w, https:\/\/actistress.com\/wp-content\/uploads\/2024\/03\/bande-blanche-768x21.png 768w, https:\/\/actistress.com\/wp-content\/uploads\/2024\/03\/bande-blanche-1536x43.png 1536w, https:\/\/actistress.com\/wp-content\/uploads\/2024\/03\/bande-blanche-2048x57.png 2048w, https:\/\/actistress.com\/wp-content\/uploads\/2024\/03\/bande-blanche-18x1.png 18w\" sizes=\"(max-width: 1024px) 100vw, 1024px\" \/>\t\t\t\t\t\t\t\t\t\t\t\t\t\t\t<\/div>\n\t\t\t\t\t<\/div>\n\t\t<\/div>\n\t\t\t\t\t<\/div>\n\t\t<\/section>\n\t\t<div class=\"elementor-element elementor-element-6e4df59 e-flex e-con-boxed e-con e-parent\" data-id=\"6e4df59\" data-element_type=\"container\" data-e-type=\"container\">\n\t\t\t\t\t<div class=\"e-con-inner\">\n\t\t<div class=\"elementor-element elementor-element-9b5eaf3 e-flex e-con-boxed e-con e-child\" data-id=\"9b5eaf3\" data-element_type=\"container\" data-e-type=\"container\" data-settings=\"{&quot;background_background&quot;:&quot;classic&quot;}\">\n\t\t\t\t\t<div class=\"e-con-inner\">\n\t\t\t\t<div class=\"elementor-element elementor-element-441f7b6 elementor-widget elementor-widget-image\" data-id=\"441f7b6\" data-element_type=\"widget\" data-e-type=\"widget\" data-widget_type=\"image.default\">\n\t\t\t\t\t\t\t\t\t\t\t\t\t\t\t<img decoding=\"async\" width=\"65\" height=\"90\" src=\"https:\/\/actistress.com\/wp-content\/uploads\/2024\/03\/punaise-1.png\" class=\"attachment-medium size-medium wp-image-8505\" alt=\"\" srcset=\"https:\/\/actistress.com\/wp-content\/uploads\/2024\/03\/punaise-1.png 65w, https:\/\/actistress.com\/wp-content\/uploads\/2024\/03\/punaise-1-9x12.png 9w\" sizes=\"(max-width: 65px) 100vw, 65px\" \/>\t\t\t\t\t\t\t\t\t\t\t\t\t\t\t<\/div>\n\t\t\t\t<div class=\"elementor-element elementor-element-c624643 elementor-widget elementor-widget-heading\" data-id=\"c624643\" data-element_type=\"widget\" data-e-type=\"widget\" data-widget_type=\"heading.default\">\n\t\t\t\t\t<h2 class=\"elementor-heading-title elementor-size-default\">La m\u00e9thode Actistess<\/h2>\t\t\t\t<\/div>\n\t\t\t\t<div class=\"elementor-element elementor-element-3a7f497 elementor-align-center elementor-widget elementor-widget-button\" data-id=\"3a7f497\" data-element_type=\"widget\" data-e-type=\"widget\" data-widget_type=\"button.default\">\n\t\t\t\t\t\t\t\t\t\t<a class=\"elementor-button elementor-button-link elementor-size-sm\" href=\"https:\/\/actistress.com\/nous-decouvrir\/la-methode-actistress\/\">\n\t\t\t\t\t\t<span class=\"elementor-button-content-wrapper\">\n\t\t\t\t\t\t<span class=\"elementor-button-icon\">\n\t\t\t\t<i aria-hidden=\"true\" class=\"fas fa-long-arrow-alt-right\"><\/i>\t\t\t<\/span>\n\t\t\t\t\t\t\t\t\t<span class=\"elementor-button-text\">En savoir plus<\/span>\n\t\t\t\t\t<\/span>\n\t\t\t\t\t<\/a>\n\t\t\t\t\t\t\t\t<\/div>\n\t\t\t\t\t<\/div>\n\t\t\t\t<\/div>\n\t\t<div class=\"elementor-element elementor-element-9cdeeac e-flex e-con-boxed e-con e-child\" data-id=\"9cdeeac\" data-element_type=\"container\" data-e-type=\"container\" data-settings=\"{&quot;background_background&quot;:&quot;classic&quot;}\">\n\t\t\t\t\t<div class=\"e-con-inner\">\n\t\t\t\t<div class=\"elementor-element elementor-element-f60672a elementor-widget elementor-widget-image\" data-id=\"f60672a\" data-element_type=\"widget\" data-e-type=\"widget\" data-widget_type=\"image.default\">\n\t\t\t\t\t\t\t\t\t\t\t\t\t\t\t<img decoding=\"async\" width=\"65\" height=\"90\" src=\"https:\/\/actistress.com\/wp-content\/uploads\/2024\/03\/punaise-1.png\" class=\"attachment-medium size-medium wp-image-8505\" alt=\"\" srcset=\"https:\/\/actistress.com\/wp-content\/uploads\/2024\/03\/punaise-1.png 65w, https:\/\/actistress.com\/wp-content\/uploads\/2024\/03\/punaise-1-9x12.png 9w\" sizes=\"(max-width: 65px) 100vw, 65px\" \/>\t\t\t\t\t\t\t\t\t\t\t\t\t\t\t<\/div>\n\t\t\t\t<div class=\"elementor-element elementor-element-09d514c elementor-widget elementor-widget-heading\" data-id=\"09d514c\" data-element_type=\"widget\" data-e-type=\"widget\" data-widget_type=\"heading.default\">\n\t\t\t\t\t<h2 class=\"elementor-heading-title elementor-size-default\">Qui sommes nous ?<\/h2>\t\t\t\t<\/div>\n\t\t\t\t<div class=\"elementor-element elementor-element-281f23a elementor-align-center elementor-widget elementor-widget-button\" data-id=\"281f23a\" data-element_type=\"widget\" data-e-type=\"widget\" data-widget_type=\"button.default\">\n\t\t\t\t\t\t\t\t\t\t<a class=\"elementor-button elementor-button-link elementor-size-sm\" href=\"https:\/\/actistress.com\/nous-decouvrir\/qui-sommes-nous\/\">\n\t\t\t\t\t\t<span class=\"elementor-button-content-wrapper\">\n\t\t\t\t\t\t<span class=\"elementor-button-icon\">\n\t\t\t\t<i aria-hidden=\"true\" class=\"fas fa-long-arrow-alt-right\"><\/i>\t\t\t<\/span>\n\t\t\t\t\t\t\t\t\t<span class=\"elementor-button-text\">En savoir plus<\/span>\n\t\t\t\t\t<\/span>\n\t\t\t\t\t<\/a>\n\t\t\t\t\t\t\t\t<\/div>\n\t\t\t\t\t<\/div>\n\t\t\t\t<\/div>\n\t\t<div class=\"elementor-element elementor-element-e0c7618 e-flex e-con-boxed e-con e-child\" data-id=\"e0c7618\" data-element_type=\"container\" data-e-type=\"container\" data-settings=\"{&quot;background_background&quot;:&quot;classic&quot;}\">\n\t\t\t\t\t<div class=\"e-con-inner\">\n\t\t\t\t<div class=\"elementor-element elementor-element-cbf6280 elementor-widget elementor-widget-image\" data-id=\"cbf6280\" data-element_type=\"widget\" data-e-type=\"widget\" data-widget_type=\"image.default\">\n\t\t\t\t\t\t\t\t\t\t\t\t\t\t\t<img decoding=\"async\" width=\"65\" height=\"90\" src=\"https:\/\/actistress.com\/wp-content\/uploads\/2024\/03\/punaise-1.png\" class=\"attachment-medium size-medium wp-image-8505\" alt=\"\" srcset=\"https:\/\/actistress.com\/wp-content\/uploads\/2024\/03\/punaise-1.png 65w, https:\/\/actistress.com\/wp-content\/uploads\/2024\/03\/punaise-1-9x12.png 9w\" sizes=\"(max-width: 65px) 100vw, 65px\" \/>\t\t\t\t\t\t\t\t\t\t\t\t\t\t\t<\/div>\n\t\t\t\t<div class=\"elementor-element elementor-element-43475ad elementor-widget elementor-widget-heading\" data-id=\"43475ad\" data-element_type=\"widget\" data-e-type=\"widget\" data-widget_type=\"heading.default\">\n\t\t\t\t\t<h2 class=\"elementor-heading-title elementor-size-default\">T\u00e9moignages<\/h2>\t\t\t\t<\/div>\n\t\t\t\t<div class=\"elementor-element elementor-element-f51132f elementor-align-center elementor-widget elementor-widget-button\" data-id=\"f51132f\" data-element_type=\"widget\" data-e-type=\"widget\" data-widget_type=\"button.default\">\n\t\t\t\t\t\t\t\t\t\t<a class=\"elementor-button elementor-button-link elementor-size-sm\" href=\"https:\/\/actistress.com\/nous-decouvrir\/temoignages\/\">\n\t\t\t\t\t\t<span class=\"elementor-button-content-wrapper\">\n\t\t\t\t\t\t<span class=\"elementor-button-icon\">\n\t\t\t\t<i aria-hidden=\"true\" class=\"fas fa-long-arrow-alt-right\"><\/i>\t\t\t<\/span>\n\t\t\t\t\t\t\t\t\t<span class=\"elementor-button-text\">En savoir plus<\/span>\n\t\t\t\t\t<\/span>\n\t\t\t\t\t<\/a>\n\t\t\t\t\t\t\t\t<\/div>\n\t\t\t\t\t<\/div>\n\t\t\t\t<\/div>\n\t\t\t\t\t<\/div>\n\t\t\t\t<\/div>\n\t\t\t\t<\/div>\n\t\t","protected":false},"excerpt":{"rendered":"<p>Nous d\u00e9couvrir La m\u00e9thode Actistess En savoir plus Qui sommes nous ? En savoir plus T\u00e9moignages En savoir plus<\/p>\n","protected":false},"author":1,"featured_media":0,"parent":0,"menu_order":0,"comment_status":"closed","ping_status":"closed","template":"","meta":{"_acf_changed":false,"site-sidebar-layout":"no-sidebar","site-content-layout":"page-builder","ast-site-content-layout":"full-width-container","site-content-style":"default","site-sidebar-style":"default","ast-global-header-display":"","ast-banner-title-visibility":"","ast-main-header-display":"","ast-hfb-above-header-display":"","ast-hfb-below-header-display":"","ast-hfb-mobile-header-display":"","site-post-title":"","ast-breadcrumbs-content":"","ast-featured-img":"disabled","footer-sml-layout":"","ast-disable-related-posts":"","theme-transparent-header-meta":"","adv-header-id-meta":"","stick-header-meta":"","header-above-stick-meta":"","header-main-stick-meta":"","header-below-stick-meta":"","astra-migrate-meta-layouts":"set","ast-page-background-enabled":"default","ast-page-background-meta":{"desktop":{"background-color":"","background-image":"","background-repeat":"repeat","background-position":"center center","background-size":"auto","background-attachment":"scroll","background-type":"","background-media":"","overlay-type":"","overlay-color":"","overlay-opacity":"","overlay-gradient":""},"tablet":{"background-color":"","background-image":"","background-repeat":"repeat","background-position":"center center","background-size":"auto","background-attachment":"scroll","background-type":"","background-media":"","overlay-type":"","overlay-color":"","overlay-opacity":"","overlay-gradient":""},"mobile":{"background-color":"","background-image":"","background-repeat":"repeat","background-position":"center center","background-size":"auto","background-attachment":"scroll","background-type":"","background-media":"","overlay-type":"","overlay-color":"","overlay-opacity":"","overlay-gradient":""}},"ast-content-background-meta":{"desktop":{"background-color":"var(--ast-global-color-5)","background-image":"","background-repeat":"repeat","background-position":"center center","background-size":"auto","background-attachment":"scroll","background-type":"","background-media":"","overlay-type":"","overlay-color":"","overlay-opacity":"","overlay-gradient":""},"tablet":{"background-color":"var(--ast-global-color-5)","background-image":"","background-repeat":"repeat","background-position":"center center","background-size":"auto","background-attachment":"scroll","background-type":"","background-media":"","overlay-type":"","overlay-color":"","overlay-opacity":"","overlay-gradient":""},"mobile":{"background-color":"var(--ast-global-color-5)","background-image":"","background-repeat":"repeat","background-position":"center center","background-size":"auto","background-attachment":"scroll","background-type":"","background-media":"","overlay-type":"","overlay-color":"","overlay-opacity":"","overlay-gradient":""}},"footnotes":""},"class_list":["post-9615","page","type-page","status-publish","hentry"],"acf":[],"yoast_head":"<!-- This site is optimized with the Yoast SEO plugin v27.3 - https:\/\/yoast.com\/product\/yoast-seo-wordpress\/ -->\n<title>Nous d\u00e9couvrir - Actistress : Pr\u00e9vention et Traitement du stress par la m\u00e9thode de la recorporation active<\/title>\n<meta name=\"robots\" content=\"index, follow, max-snippet:-1, max-image-preview:large, max-video-preview:-1\" \/>\n<link rel=\"canonical\" href=\"https:\/\/actistress.com\/fr\/nous-decouvrir\/\" \/>\n<meta property=\"og:locale\" content=\"fr_FR\" \/>\n<meta property=\"og:type\" content=\"article\" \/>\n<meta property=\"og:title\" content=\"Nous d\u00e9couvrir - Actistress : Pr\u00e9vention et Traitement du stress par la m\u00e9thode de la recorporation active\" \/>\n<meta property=\"og:description\" content=\"Nous d\u00e9couvrir La m\u00e9thode Actistess En savoir plus Qui sommes nous ? En savoir plus T\u00e9moignages En savoir plus\" \/>\n<meta property=\"og:url\" content=\"https:\/\/actistress.com\/fr\/nous-decouvrir\/\" \/>\n<meta property=\"og:site_name\" content=\"Actistress : Pr\u00e9vention et Traitement du stress par la m\u00e9thode de la recorporation active\" \/>\n<meta property=\"article:publisher\" content=\"http:\/\/facebook.com\/actistress\" \/>\n<meta property=\"article:modified_time\" content=\"2025-10-30T14:22:00+00:00\" \/>\n<meta property=\"og:image\" content=\"https:\/\/actistress.com\/wp-content\/uploads\/2024\/03\/bande-blanche.png\" \/>\n\t<meta property=\"og:image:width\" content=\"2083\" \/>\n\t<meta property=\"og:image:height\" content=\"58\" \/>\n\t<meta property=\"og:image:type\" content=\"image\/png\" \/>\n<meta name=\"twitter:card\" content=\"summary_large_image\" \/>\n<meta name=\"twitter:site\" content=\"@actistress\" \/>\n<meta name=\"twitter:label1\" content=\"Dur\u00e9e de lecture estim\u00e9e\" \/>\n\t<meta name=\"twitter:data1\" content=\"1 minute\" \/>\n<script type=\"application\/ld+json\" class=\"yoast-schema-graph\">{\"@context\":\"https:\\\/\\\/schema.org\",\"@graph\":[{\"@type\":\"WebPage\",\"@id\":\"https:\\\/\\\/actistress.com\\\/nous-decouvrir\\\/\",\"url\":\"https:\\\/\\\/actistress.com\\\/nous-decouvrir\\\/\",\"name\":\"Nous d\u00e9couvrir - Actistress : Pr\u00e9vention et Traitement du stress par la m\u00e9thode de la recorporation active\",\"isPartOf\":{\"@id\":\"https:\\\/\\\/actistress.com\\\/fr\\\/#website\"},\"primaryImageOfPage\":{\"@id\":\"https:\\\/\\\/actistress.com\\\/nous-decouvrir\\\/#primaryimage\"},\"image\":{\"@id\":\"https:\\\/\\\/actistress.com\\\/nous-decouvrir\\\/#primaryimage\"},\"thumbnailUrl\":\"https:\\\/\\\/actistress.com\\\/wp-content\\\/uploads\\\/2024\\\/03\\\/bande-blanche-1024x29.png\",\"datePublished\":\"2025-09-04T13:59:05+00:00\",\"dateModified\":\"2025-10-30T14:22:00+00:00\",\"breadcrumb\":{\"@id\":\"https:\\\/\\\/actistress.com\\\/nous-decouvrir\\\/#breadcrumb\"},\"inLanguage\":\"fr-FR\",\"potentialAction\":[{\"@type\":\"ReadAction\",\"target\":[\"https:\\\/\\\/actistress.com\\\/nous-decouvrir\\\/\"]}]},{\"@type\":\"ImageObject\",\"inLanguage\":\"fr-FR\",\"@id\":\"https:\\\/\\\/actistress.com\\\/nous-decouvrir\\\/#primaryimage\",\"url\":\"https:\\\/\\\/actistress.com\\\/wp-content\\\/uploads\\\/2024\\\/03\\\/bande-blanche-1024x29.png\",\"contentUrl\":\"https:\\\/\\\/actistress.com\\\/wp-content\\\/uploads\\\/2024\\\/03\\\/bande-blanche-1024x29.png\"},{\"@type\":\"BreadcrumbList\",\"@id\":\"https:\\\/\\\/actistress.com\\\/nous-decouvrir\\\/#breadcrumb\",\"itemListElement\":[{\"@type\":\"ListItem\",\"position\":1,\"name\":\"Accueil\",\"item\":\"https:\\\/\\\/actistress.com\\\/\"},{\"@type\":\"ListItem\",\"position\":2,\"name\":\"Nous d\u00e9couvrir\"}]},{\"@type\":\"WebSite\",\"@id\":\"https:\\\/\\\/actistress.com\\\/fr\\\/#website\",\"url\":\"https:\\\/\\\/actistress.com\\\/fr\\\/\",\"name\":\"Actistress : Pr\u00e9vention et Traitement du stress par la m\u00e9thode de la recorporation active\",\"description\":\"\",\"publisher\":{\"@id\":\"https:\\\/\\\/actistress.com\\\/fr\\\/#organization\"},\"potentialAction\":[{\"@type\":\"SearchAction\",\"target\":{\"@type\":\"EntryPoint\",\"urlTemplate\":\"https:\\\/\\\/actistress.com\\\/fr\\\/?s={search_term_string}\"},\"query-input\":{\"@type\":\"PropertyValueSpecification\",\"valueRequired\":true,\"valueName\":\"search_term_string\"}}],\"inLanguage\":\"fr-FR\"},{\"@type\":\"Organization\",\"@id\":\"https:\\\/\\\/actistress.com\\\/fr\\\/#organization\",\"name\":\"Actistress\",\"url\":\"https:\\\/\\\/actistress.com\\\/fr\\\/\",\"logo\":{\"@type\":\"ImageObject\",\"inLanguage\":\"fr-FR\",\"@id\":\"https:\\\/\\\/actistress.com\\\/fr\\\/#\\\/schema\\\/logo\\\/image\\\/\",\"url\":\"https:\\\/\\\/actistress.com\\\/wp-content\\\/uploads\\\/2020\\\/06\\\/logo-1.png\",\"contentUrl\":\"https:\\\/\\\/actistress.com\\\/wp-content\\\/uploads\\\/2020\\\/06\\\/logo-1.png\",\"width\":1428,\"height\":781,\"caption\":\"Actistress\"},\"image\":{\"@id\":\"https:\\\/\\\/actistress.com\\\/fr\\\/#\\\/schema\\\/logo\\\/image\\\/\"},\"sameAs\":[\"http:\\\/\\\/facebook.com\\\/actistress\",\"https:\\\/\\\/x.com\\\/actistress\",\"http:\\\/\\\/instagram.com\\\/actistress\",\"http:\\\/\\\/linkedin.com\\\/company\\\/actistress\",\"https:\\\/\\\/www.youtube.com\\\/channel\\\/UCyQTHYldyX9uD0QpLdyk0ag\"]}]}<\/script>\n<!-- \/ Yoast SEO plugin. -->","yoast_head_json":{"title":"Nous d\u00e9couvrir - Actistress : Pr\u00e9vention et Traitement du stress par la m\u00e9thode de la recorporation active","robots":{"index":"index","follow":"follow","max-snippet":"max-snippet:-1","max-image-preview":"max-image-preview:large","max-video-preview":"max-video-preview:-1"},"canonical":"https:\/\/actistress.com\/fr\/nous-decouvrir\/","og_locale":"fr_FR","og_type":"article","og_title":"Nous d\u00e9couvrir - Actistress : Pr\u00e9vention et Traitement du stress par la m\u00e9thode de la recorporation active","og_description":"Nous d\u00e9couvrir La m\u00e9thode Actistess En savoir plus Qui sommes nous ? En savoir plus T\u00e9moignages En savoir plus","og_url":"https:\/\/actistress.com\/fr\/nous-decouvrir\/","og_site_name":"Actistress : Pr\u00e9vention et Traitement du stress par la m\u00e9thode de la recorporation active","article_publisher":"http:\/\/facebook.com\/actistress","article_modified_time":"2025-10-30T14:22:00+00:00","og_image":[{"width":2083,"height":58,"url":"https:\/\/actistress.com\/wp-content\/uploads\/2024\/03\/bande-blanche.png","type":"image\/png"}],"twitter_card":"summary_large_image","twitter_site":"@actistress","twitter_misc":{"Dur\u00e9e de lecture estim\u00e9e":"1 minute"},"schema":{"@context":"https:\/\/schema.org","@graph":[{"@type":"WebPage","@id":"https:\/\/actistress.com\/nous-decouvrir\/","url":"https:\/\/actistress.com\/nous-decouvrir\/","name":"Nous d\u00e9couvrir - Actistress : Pr\u00e9vention et Traitement du stress par la m\u00e9thode de la recorporation active","isPartOf":{"@id":"https:\/\/actistress.com\/fr\/#website"},"primaryImageOfPage":{"@id":"https:\/\/actistress.com\/nous-decouvrir\/#primaryimage"},"image":{"@id":"https:\/\/actistress.com\/nous-decouvrir\/#primaryimage"},"thumbnailUrl":"https:\/\/actistress.com\/wp-content\/uploads\/2024\/03\/bande-blanche-1024x29.png","datePublished":"2025-09-04T13:59:05+00:00","dateModified":"2025-10-30T14:22:00+00:00","breadcrumb":{"@id":"https:\/\/actistress.com\/nous-decouvrir\/#breadcrumb"},"inLanguage":"fr-FR","potentialAction":[{"@type":"ReadAction","target":["https:\/\/actistress.com\/nous-decouvrir\/"]}]},{"@type":"ImageObject","inLanguage":"fr-FR","@id":"https:\/\/actistress.com\/nous-decouvrir\/#primaryimage","url":"https:\/\/actistress.com\/wp-content\/uploads\/2024\/03\/bande-blanche-1024x29.png","contentUrl":"https:\/\/actistress.com\/wp-content\/uploads\/2024\/03\/bande-blanche-1024x29.png"},{"@type":"BreadcrumbList","@id":"https:\/\/actistress.com\/nous-decouvrir\/#breadcrumb","itemListElement":[{"@type":"ListItem","position":1,"name":"Accueil","item":"https:\/\/actistress.com\/"},{"@type":"ListItem","position":2,"name":"Nous d\u00e9couvrir"}]},{"@type":"WebSite","@id":"https:\/\/actistress.com\/fr\/#website","url":"https:\/\/actistress.com\/fr\/","name":"Actistress : Pr\u00e9vention et Traitement du stress par la m\u00e9thode de la recorporation active","description":"","publisher":{"@id":"https:\/\/actistress.com\/fr\/#organization"},"potentialAction":[{"@type":"SearchAction","target":{"@type":"EntryPoint","urlTemplate":"https:\/\/actistress.com\/fr\/?s={search_term_string}"},"query-input":{"@type":"PropertyValueSpecification","valueRequired":true,"valueName":"search_term_string"}}],"inLanguage":"fr-FR"},{"@type":"Organization","@id":"https:\/\/actistress.com\/fr\/#organization","name":"Actistress","url":"https:\/\/actistress.com\/fr\/","logo":{"@type":"ImageObject","inLanguage":"fr-FR","@id":"https:\/\/actistress.com\/fr\/#\/schema\/logo\/image\/","url":"https:\/\/actistress.com\/wp-content\/uploads\/2020\/06\/logo-1.png","contentUrl":"https:\/\/actistress.com\/wp-content\/uploads\/2020\/06\/logo-1.png","width":1428,"height":781,"caption":"Actistress"},"image":{"@id":"https:\/\/actistress.com\/fr\/#\/schema\/logo\/image\/"},"sameAs":["http:\/\/facebook.com\/actistress","https:\/\/x.com\/actistress","http:\/\/instagram.com\/actistress","http:\/\/linkedin.com\/company\/actistress","https:\/\/www.youtube.com\/channel\/UCyQTHYldyX9uD0QpLdyk0ag"]}]}},"_links":{"self":[{"href":"https:\/\/actistress.com\/fr\/wp-json\/wp\/v2\/pages\/9615","targetHints":{"allow":["GET"]}}],"collection":[{"href":"https:\/\/actistress.com\/fr\/wp-json\/wp\/v2\/pages"}],"about":[{"href":"https:\/\/actistress.com\/fr\/wp-json\/wp\/v2\/types\/page"}],"author":[{"embeddable":true,"href":"https:\/\/actistress.com\/fr\/wp-json\/wp\/v2\/users\/1"}],"replies":[{"embeddable":true,"href":"https:\/\/actistress.com\/fr\/wp-json\/wp\/v2\/comments?post=9615"}],"version-history":[{"count":7,"href":"https:\/\/actistress.com\/fr\/wp-json\/wp\/v2\/pages\/9615\/revisions"}],"predecessor-version":[{"id":10032,"href":"https:\/\/actistress.com\/fr\/wp-json\/wp\/v2\/pages\/9615\/revisions\/10032"}],"wp:attachment":[{"href":"https:\/\/actistress.com\/fr\/wp-json\/wp\/v2\/media?parent=9615"}],"curies":[{"name":"wp","href":"https:\/\/api.w.org\/{rel}","templated":true}]}}