{"id":8203,"date":"2024-02-08T18:16:35","date_gmt":"2024-02-08T17:16:35","guid":{"rendered":"https:\/\/actistress.com\/?page_id=8203"},"modified":"2024-03-19T01:05:27","modified_gmt":"2024-03-19T00:05:27","slug":"le-coaching-par-actistress","status":"publish","type":"page","link":"https:\/\/actistress.com\/fr\/offre-individuelle\/le-coaching-par-actistress\/","title":{"rendered":"Le coaching par Actistress"},"content":{"rendered":"\t\t<div data-elementor-type=\"wp-page\" data-elementor-id=\"8203\" class=\"elementor elementor-8203\">\n\t\t\t\t\t\t<section class=\"elementor-section elementor-top-section elementor-element elementor-element-70b7b6f elementor-section-content-middle elementor-reverse-mobile elementor-section-boxed elementor-section-height-default elementor-section-height-default\" data-id=\"70b7b6f\" data-element_type=\"section\" data-e-type=\"section\" data-settings=\"{&quot;background_background&quot;:&quot;classic&quot;}\">\n\t\t\t\t\t\t\t<div class=\"elementor-background-overlay\"><\/div>\n\t\t\t\t\t\t\t<div class=\"elementor-container elementor-column-gap-extended\">\n\t\t\t\t\t<div class=\"elementor-column elementor-col-100 elementor-top-column elementor-element elementor-element-5dbece7\" data-id=\"5dbece7\" data-element_type=\"column\" data-e-type=\"column\">\n\t\t\t<div class=\"elementor-widget-wrap elementor-element-populated\">\n\t\t\t\t\t\t<div class=\"elementor-element elementor-element-85e8c34 elementor-widget elementor-widget-heading\" data-id=\"85e8c34\" data-element_type=\"widget\" data-e-type=\"widget\" data-widget_type=\"heading.default\">\n\t\t\t\t\t<h2 class=\"elementor-heading-title elementor-size-default\">Offre \" Individuel\"<\/h2>\t\t\t\t<\/div>\n\t\t\t\t<div class=\"elementor-element elementor-element-79d65e1 elementor-hidden-mobile elementor-widget elementor-widget-image\" data-id=\"79d65e1\" data-element_type=\"widget\" data-e-type=\"widget\" data-widget_type=\"image.default\">\n\t\t\t\t\t\t\t\t\t\t\t\t\t\t\t<img decoding=\"async\" width=\"1024\" height=\"29\" src=\"https:\/\/actistress.com\/wp-content\/uploads\/2024\/03\/bande-blanche-1024x29.png\" class=\"attachment-large size-large wp-image-8502\" alt=\"\" srcset=\"https:\/\/actistress.com\/wp-content\/uploads\/2024\/03\/bande-blanche-1024x29.png 1024w, https:\/\/actistress.com\/wp-content\/uploads\/2024\/03\/bande-blanche-300x8.png 300w, https:\/\/actistress.com\/wp-content\/uploads\/2024\/03\/bande-blanche-768x21.png 768w, https:\/\/actistress.com\/wp-content\/uploads\/2024\/03\/bande-blanche-1536x43.png 1536w, https:\/\/actistress.com\/wp-content\/uploads\/2024\/03\/bande-blanche-2048x57.png 2048w, https:\/\/actistress.com\/wp-content\/uploads\/2024\/03\/bande-blanche-18x1.png 18w\" sizes=\"(max-width: 1024px) 100vw, 1024px\" \/>\t\t\t\t\t\t\t\t\t\t\t\t\t\t\t<\/div>\n\t\t\t\t<div class=\"elementor-element elementor-element-955b8cc elementor-widget elementor-widget-heading\" data-id=\"955b8cc\" data-element_type=\"widget\" data-e-type=\"widget\" data-widget_type=\"heading.default\">\n\t\t\t\t\t<h1 class=\"elementor-heading-title elementor-size-default\">Le coaching par Actistress<\/h1>\t\t\t\t<\/div>\n\t\t\t\t<div class=\"elementor-element elementor-element-3d68068 elementor-widget elementor-widget-heading\" data-id=\"3d68068\" data-element_type=\"widget\" data-e-type=\"widget\" data-widget_type=\"heading.default\">\n\t\t\t\t\t<h3 class=\"elementor-heading-title elementor-size-default\">Besoin de travailler sur vos r\u00e9actions, vos ressentis et d\u2019apprendre \u00e0 \u00eatre moins tendu  face au stress ?\n<\/h3>\t\t\t\t<\/div>\n\t\t\t\t<div class=\"elementor-element elementor-element-e3260ad elementor-widget elementor-widget-text-editor\" data-id=\"e3260ad\" data-element_type=\"widget\" data-e-type=\"widget\" data-widget_type=\"text-editor.default\">\n\t\t\t\t\t\t\t\t\t<p style=\"text-align: left;\"><b>Chez Actistress, on coache le syst\u00e8me nerveux !<\/b><\/p><p style=\"text-align: left;\">Le stress a \u00e0 voir avec le syst\u00e8me nerveux qui lie le sensoriel, le moteur, le tissulaire, le comportemental, l\u2019\u00e9motionnel, le cognitif et le psychologique. C\u2019est pourquoi s\u2019int\u00e9resser pr\u00e9f\u00e9rentiellement \u00e0 la charge mentale, au cognitif ou au physique n\u2019est pas du tout suffisant quand on souhaite \u00e9vacuer le stress en profondeur. Il faut savoir aborder le sujet de fa\u00e7on bien plus large et syst\u00e9mique !<\/p><p style=\"text-align: left;\">Actistress a d\u00e9velopp\u00e9 un savoir-faire unique internationalement reconnu sur la r\u00e9cup\u00e9ration rapide des profils impact\u00e9s nerveusement par le stress.<\/p>\t\t\t\t\t\t\t\t<\/div>\n\t\t\t\t\t<\/div>\n\t\t<\/div>\n\t\t\t\t\t<\/div>\n\t\t<\/section>\n\t\t<div class=\"elementor-element elementor-element-a21ad73 e-flex e-con-boxed e-con e-parent\" data-id=\"a21ad73\" data-element_type=\"container\" data-e-type=\"container\">\n\t\t\t\t\t<div class=\"e-con-inner\">\n\t\t<div class=\"elementor-element elementor-element-cc42a1b e-flex e-con-boxed e-con e-child\" data-id=\"cc42a1b\" data-element_type=\"container\" data-e-type=\"container\" data-settings=\"{&quot;background_background&quot;:&quot;classic&quot;}\">\n\t\t\t\t\t<div class=\"e-con-inner\">\n\t\t<div class=\"elementor-element elementor-element-53c4287 e-flex e-con-boxed e-con e-child\" data-id=\"53c4287\" data-element_type=\"container\" data-e-type=\"container\">\n\t\t\t\t\t<div class=\"e-con-inner\">\n\t\t<div class=\"elementor-element elementor-element-8fc6982 e-flex e-con-boxed e-con e-child\" data-id=\"8fc6982\" data-element_type=\"container\" data-e-type=\"container\">\n\t\t\t\t\t<div class=\"e-con-inner\">\n\t\t<div class=\"elementor-element elementor-element-aaf664e e-flex e-con-boxed e-con e-child\" data-id=\"aaf664e\" data-element_type=\"container\" data-e-type=\"container\">\n\t\t\t\t\t<div class=\"e-con-inner\">\n\t\t\t\t<div class=\"elementor-element elementor-element-f3c999a elementor-widget__width-auto elementor-widget elementor-widget-heading\" data-id=\"f3c999a\" data-element_type=\"widget\" data-e-type=\"widget\" data-widget_type=\"heading.default\">\n\t\t\t\t\t<h3 class=\"elementor-heading-title elementor-size-default\"><a href=\"https:\/\/actistress.com\/offre-individuelle\/\"><b>Retour \u00e0 l'offre \"Individuel\"<\/b><\/a><\/h3>\t\t\t\t<\/div>\n\t\t\t\t<div class=\"elementor-element elementor-element-f10ed75 elementor-absolute e-transform elementor-widget elementor-widget-image\" data-id=\"f10ed75\" data-element_type=\"widget\" data-e-type=\"widget\" data-settings=\"{&quot;_position&quot;:&quot;absolute&quot;,&quot;_transform_rotateZ_effect&quot;:{&quot;unit&quot;:&quot;px&quot;,&quot;size&quot;:180,&quot;sizes&quot;:[]},&quot;_transform_rotateZ_effect_tablet&quot;:{&quot;unit&quot;:&quot;deg&quot;,&quot;size&quot;:&quot;&quot;,&quot;sizes&quot;:[]},&quot;_transform_rotateZ_effect_mobile&quot;:{&quot;unit&quot;:&quot;deg&quot;,&quot;size&quot;:&quot;&quot;,&quot;sizes&quot;:[]}}\" data-widget_type=\"image.default\">\n\t\t\t\t\t\t\t\t\t\t\t\t\t\t\t\t<a href=\"https:\/\/actistress.com\/offre-individuelle\/\">\n\t\t\t\t\t\t\t<img decoding=\"async\" width=\"128\" height=\"128\" src=\"https:\/\/actistress.com\/wp-content\/uploads\/2024\/01\/fleche-droite.png\" class=\"attachment-medium size-medium wp-image-7220\" alt=\"\" srcset=\"https:\/\/actistress.com\/wp-content\/uploads\/2024\/01\/fleche-droite.png 128w, https:\/\/actistress.com\/wp-content\/uploads\/2024\/01\/fleche-droite-12x12.png 12w\" sizes=\"(max-width: 128px) 100vw, 128px\" \/>\t\t\t\t\t\t\t\t<\/a>\n\t\t\t\t\t\t\t\t\t\t\t\t\t\t\t<\/div>\n\t\t\t\t\t<\/div>\n\t\t\t\t<\/div>\n\t\t\t\t<div class=\"elementor-element elementor-element-58f28cb elementor-widget elementor-widget-loop-grid\" data-id=\"58f28cb\" data-element_type=\"widget\" data-e-type=\"widget\" data-widget_type=\"loop-grid.default\">\n\t\t\t\t<div class=\"elementor-widget-container\">\n\t\t\t\t\t \t\t\t\t<\/div>\n\t\t\t\t<\/div>\n\t\t\t\t\t<\/div>\n\t\t\t\t<\/div>\n\t\t\t\t\t<\/div>\n\t\t\t\t<\/div>\n\t\t\t\t\t<\/div>\n\t\t\t\t<\/div>\n\t\t\t\t\t<\/div>\n\t\t\t\t<\/div>\n\t\t\t\t<\/div>\n\t\t","protected":false},"excerpt":{"rendered":"<p>Offre \u00a0\u00bb Individuel\u00a0\u00bb Le coaching par Actistress Besoin de travailler sur vos r\u00e9actions, vos ressentis et d\u2019apprendre \u00e0 \u00eatre moins tendu face au stress ? Chez Actistress, on coache le syst\u00e8me nerveux ! Le stress a \u00e0 voir avec le syst\u00e8me nerveux qui lie le sensoriel, le moteur, le tissulaire, le comportemental, l\u2019\u00e9motionnel, le cognitif [&hellip;]<\/p>\n","protected":false},"author":1,"featured_media":0,"parent":7396,"menu_order":0,"comment_status":"closed","ping_status":"closed","template":"","meta":{"_acf_changed":false,"site-sidebar-layout":"no-sidebar","site-content-layout":"page-builder","ast-site-content-layout":"full-width-container","site-content-style":"default","site-sidebar-style":"default","ast-global-header-display":"","ast-banner-title-visibility":"","ast-main-header-display":"","ast-hfb-above-header-display":"","ast-hfb-below-header-display":"","ast-hfb-mobile-header-display":"","site-post-title":"disabled","ast-breadcrumbs-content":"","ast-featured-img":"disabled","footer-sml-layout":"","ast-disable-related-posts":"","theme-transparent-header-meta":"","adv-header-id-meta":"","stick-header-meta":"","header-above-stick-meta":"","header-main-stick-meta":"","header-below-stick-meta":"","astra-migrate-meta-layouts":"set","ast-page-background-enabled":"default","ast-page-background-meta":{"desktop":{"background-color":"","background-image":"","background-repeat":"repeat","background-position":"center center","background-size":"auto","background-attachment":"scroll","background-type":"","background-media":"","overlay-type":"","overlay-color":"","overlay-opacity":"","overlay-gradient":""},"tablet":{"background-color":"","background-image":"","background-repeat":"repeat","background-position":"center center","background-size":"auto","background-attachment":"scroll","background-type":"","background-media":"","overlay-type":"","overlay-color":"","overlay-opacity":"","overlay-gradient":""},"mobile":{"background-color":"","background-image":"","background-repeat":"repeat","background-position":"center center","background-size":"auto","background-attachment":"scroll","background-type":"","background-media":"","overlay-type":"","overlay-color":"","overlay-opacity":"","overlay-gradient":""}},"ast-content-background-meta":{"desktop":{"background-color":"var(--ast-global-color-5)","background-image":"","background-repeat":"repeat","background-position":"center center","background-size":"auto","background-attachment":"scroll","background-type":"","background-media":"","overlay-type":"","overlay-color":"","overlay-opacity":"","overlay-gradient":""},"tablet":{"background-color":"var(--ast-global-color-5)","background-image":"","background-repeat":"repeat","background-position":"center center","background-size":"auto","background-attachment":"scroll","background-type":"","background-media":"","overlay-type":"","overlay-color":"","overlay-opacity":"","overlay-gradient":""},"mobile":{"background-color":"var(--ast-global-color-5)","background-image":"","background-repeat":"repeat","background-position":"center center","background-size":"auto","background-attachment":"scroll","background-type":"","background-media":"","overlay-type":"","overlay-color":"","overlay-opacity":"","overlay-gradient":""}},"footnotes":""},"class_list":["post-8203","page","type-page","status-publish","hentry"],"acf":[],"yoast_head":"<!-- This site is optimized with the Yoast SEO plugin v27.4 - https:\/\/yoast.com\/product\/yoast-seo-wordpress\/ -->\n<title>Le coaching par Actistress - Actistress : Pr\u00e9vention et Traitement du stress par la m\u00e9thode de la recorporation active<\/title>\n<meta name=\"robots\" content=\"index, follow, max-snippet:-1, max-image-preview:large, max-video-preview:-1\" \/>\n<link rel=\"canonical\" href=\"https:\/\/actistress.com\/fr\/offre-individuelle\/le-coaching-par-actistress\/\" \/>\n<meta property=\"og:locale\" content=\"fr_FR\" \/>\n<meta property=\"og:type\" content=\"article\" \/>\n<meta property=\"og:title\" content=\"Le coaching par Actistress - Actistress : Pr\u00e9vention et Traitement du stress par la m\u00e9thode de la recorporation active\" \/>\n<meta property=\"og:description\" content=\"Offre \u00a0\u00bb Individuel\u00a0\u00bb Le coaching par Actistress Besoin de travailler sur vos r\u00e9actions, vos ressentis et d\u2019apprendre \u00e0 \u00eatre moins tendu face au stress ? Chez Actistress, on coache le syst\u00e8me nerveux ! Le stress a \u00e0 voir avec le syst\u00e8me nerveux qui lie le sensoriel, le moteur, le tissulaire, le comportemental, l\u2019\u00e9motionnel, le cognitif [&hellip;]\" \/>\n<meta property=\"og:url\" content=\"https:\/\/actistress.com\/fr\/offre-individuelle\/le-coaching-par-actistress\/\" \/>\n<meta property=\"og:site_name\" content=\"Actistress : Pr\u00e9vention et Traitement du stress par la m\u00e9thode de la recorporation active\" \/>\n<meta property=\"article:publisher\" content=\"http:\/\/facebook.com\/actistress\" \/>\n<meta property=\"article:modified_time\" content=\"2024-03-19T00:05:27+00:00\" \/>\n<meta property=\"og:image\" content=\"https:\/\/actistress.com\/wp-content\/uploads\/2024\/03\/bande-blanche-1024x29.png\" \/>\n<meta name=\"twitter:card\" content=\"summary_large_image\" \/>\n<meta name=\"twitter:site\" content=\"@actistress\" \/>\n<meta name=\"twitter:label1\" content=\"Dur\u00e9e de lecture estim\u00e9e\" \/>\n\t<meta name=\"twitter:data1\" content=\"4 minutes\" \/>\n<script type=\"application\/ld+json\" class=\"yoast-schema-graph\">{\"@context\":\"https:\\\/\\\/schema.org\",\"@graph\":[{\"@type\":\"WebPage\",\"@id\":\"https:\\\/\\\/actistress.com\\\/offre-individuelle\\\/le-coaching-par-actistress\\\/\",\"url\":\"https:\\\/\\\/actistress.com\\\/offre-individuelle\\\/le-coaching-par-actistress\\\/\",\"name\":\"Le coaching par Actistress - Actistress : Pr\u00e9vention et Traitement du stress par la m\u00e9thode de la recorporation active\",\"isPartOf\":{\"@id\":\"https:\\\/\\\/actistress.com\\\/fr\\\/#website\"},\"primaryImageOfPage\":{\"@id\":\"https:\\\/\\\/actistress.com\\\/offre-individuelle\\\/le-coaching-par-actistress\\\/#primaryimage\"},\"image\":{\"@id\":\"https:\\\/\\\/actistress.com\\\/offre-individuelle\\\/le-coaching-par-actistress\\\/#primaryimage\"},\"thumbnailUrl\":\"https:\\\/\\\/actistress.com\\\/wp-content\\\/uploads\\\/2024\\\/03\\\/bande-blanche-1024x29.png\",\"datePublished\":\"2024-02-08T17:16:35+00:00\",\"dateModified\":\"2024-03-19T00:05:27+00:00\",\"breadcrumb\":{\"@id\":\"https:\\\/\\\/actistress.com\\\/offre-individuelle\\\/le-coaching-par-actistress\\\/#breadcrumb\"},\"inLanguage\":\"fr-FR\",\"potentialAction\":[{\"@type\":\"ReadAction\",\"target\":[\"https:\\\/\\\/actistress.com\\\/offre-individuelle\\\/le-coaching-par-actistress\\\/\"]}]},{\"@type\":\"ImageObject\",\"inLanguage\":\"fr-FR\",\"@id\":\"https:\\\/\\\/actistress.com\\\/offre-individuelle\\\/le-coaching-par-actistress\\\/#primaryimage\",\"url\":\"https:\\\/\\\/actistress.com\\\/wp-content\\\/uploads\\\/2024\\\/03\\\/bande-blanche-1024x29.png\",\"contentUrl\":\"https:\\\/\\\/actistress.com\\\/wp-content\\\/uploads\\\/2024\\\/03\\\/bande-blanche-1024x29.png\"},{\"@type\":\"BreadcrumbList\",\"@id\":\"https:\\\/\\\/actistress.com\\\/offre-individuelle\\\/le-coaching-par-actistress\\\/#breadcrumb\",\"itemListElement\":[{\"@type\":\"ListItem\",\"position\":1,\"name\":\"Accueil\",\"item\":\"https:\\\/\\\/actistress.com\\\/\"},{\"@type\":\"ListItem\",\"position\":2,\"name\":\"Offre individuelle\",\"item\":\"https:\\\/\\\/actistress.com\\\/offre-individuelle\\\/\"},{\"@type\":\"ListItem\",\"position\":3,\"name\":\"Le coaching par Actistress\"}]},{\"@type\":\"WebSite\",\"@id\":\"https:\\\/\\\/actistress.com\\\/fr\\\/#website\",\"url\":\"https:\\\/\\\/actistress.com\\\/fr\\\/\",\"name\":\"Actistress : Pr\u00e9vention et Traitement du stress par la m\u00e9thode de la recorporation active\",\"description\":\"\",\"publisher\":{\"@id\":\"https:\\\/\\\/actistress.com\\\/fr\\\/#organization\"},\"potentialAction\":[{\"@type\":\"SearchAction\",\"target\":{\"@type\":\"EntryPoint\",\"urlTemplate\":\"https:\\\/\\\/actistress.com\\\/fr\\\/?s={search_term_string}\"},\"query-input\":{\"@type\":\"PropertyValueSpecification\",\"valueRequired\":true,\"valueName\":\"search_term_string\"}}],\"inLanguage\":\"fr-FR\"},{\"@type\":\"Organization\",\"@id\":\"https:\\\/\\\/actistress.com\\\/fr\\\/#organization\",\"name\":\"Actistress\",\"url\":\"https:\\\/\\\/actistress.com\\\/fr\\\/\",\"logo\":{\"@type\":\"ImageObject\",\"inLanguage\":\"fr-FR\",\"@id\":\"https:\\\/\\\/actistress.com\\\/fr\\\/#\\\/schema\\\/logo\\\/image\\\/\",\"url\":\"https:\\\/\\\/actistress.com\\\/wp-content\\\/uploads\\\/2020\\\/06\\\/logo-1.png\",\"contentUrl\":\"https:\\\/\\\/actistress.com\\\/wp-content\\\/uploads\\\/2020\\\/06\\\/logo-1.png\",\"width\":1428,\"height\":781,\"caption\":\"Actistress\"},\"image\":{\"@id\":\"https:\\\/\\\/actistress.com\\\/fr\\\/#\\\/schema\\\/logo\\\/image\\\/\"},\"sameAs\":[\"http:\\\/\\\/facebook.com\\\/actistress\",\"https:\\\/\\\/x.com\\\/actistress\",\"http:\\\/\\\/instagram.com\\\/actistress\",\"http:\\\/\\\/linkedin.com\\\/company\\\/actistress\",\"https:\\\/\\\/www.youtube.com\\\/channel\\\/UCyQTHYldyX9uD0QpLdyk0ag\"]}]}<\/script>\n<!-- \/ Yoast SEO plugin. -->","yoast_head_json":{"title":"Le coaching par Actistress - Actistress : Pr\u00e9vention et Traitement du stress par la m\u00e9thode de la recorporation active","robots":{"index":"index","follow":"follow","max-snippet":"max-snippet:-1","max-image-preview":"max-image-preview:large","max-video-preview":"max-video-preview:-1"},"canonical":"https:\/\/actistress.com\/fr\/offre-individuelle\/le-coaching-par-actistress\/","og_locale":"fr_FR","og_type":"article","og_title":"Le coaching par Actistress - Actistress : Pr\u00e9vention et Traitement du stress par la m\u00e9thode de la recorporation active","og_description":"Offre \u00a0\u00bb Individuel\u00a0\u00bb Le coaching par Actistress Besoin de travailler sur vos r\u00e9actions, vos ressentis et d\u2019apprendre \u00e0 \u00eatre moins tendu face au stress ? Chez Actistress, on coache le syst\u00e8me nerveux ! Le stress a \u00e0 voir avec le syst\u00e8me nerveux qui lie le sensoriel, le moteur, le tissulaire, le comportemental, l\u2019\u00e9motionnel, le cognitif [&hellip;]","og_url":"https:\/\/actistress.com\/fr\/offre-individuelle\/le-coaching-par-actistress\/","og_site_name":"Actistress : Pr\u00e9vention et Traitement du stress par la m\u00e9thode de la recorporation active","article_publisher":"http:\/\/facebook.com\/actistress","article_modified_time":"2024-03-19T00:05:27+00:00","og_image":[{"url":"https:\/\/actistress.com\/wp-content\/uploads\/2024\/03\/bande-blanche-1024x29.png","type":"","width":"","height":""}],"twitter_card":"summary_large_image","twitter_site":"@actistress","twitter_misc":{"Dur\u00e9e de lecture estim\u00e9e":"4 minutes"},"schema":{"@context":"https:\/\/schema.org","@graph":[{"@type":"WebPage","@id":"https:\/\/actistress.com\/offre-individuelle\/le-coaching-par-actistress\/","url":"https:\/\/actistress.com\/offre-individuelle\/le-coaching-par-actistress\/","name":"Le coaching par Actistress - Actistress : Pr\u00e9vention et Traitement du stress par la m\u00e9thode de la recorporation active","isPartOf":{"@id":"https:\/\/actistress.com\/fr\/#website"},"primaryImageOfPage":{"@id":"https:\/\/actistress.com\/offre-individuelle\/le-coaching-par-actistress\/#primaryimage"},"image":{"@id":"https:\/\/actistress.com\/offre-individuelle\/le-coaching-par-actistress\/#primaryimage"},"thumbnailUrl":"https:\/\/actistress.com\/wp-content\/uploads\/2024\/03\/bande-blanche-1024x29.png","datePublished":"2024-02-08T17:16:35+00:00","dateModified":"2024-03-19T00:05:27+00:00","breadcrumb":{"@id":"https:\/\/actistress.com\/offre-individuelle\/le-coaching-par-actistress\/#breadcrumb"},"inLanguage":"fr-FR","potentialAction":[{"@type":"ReadAction","target":["https:\/\/actistress.com\/offre-individuelle\/le-coaching-par-actistress\/"]}]},{"@type":"ImageObject","inLanguage":"fr-FR","@id":"https:\/\/actistress.com\/offre-individuelle\/le-coaching-par-actistress\/#primaryimage","url":"https:\/\/actistress.com\/wp-content\/uploads\/2024\/03\/bande-blanche-1024x29.png","contentUrl":"https:\/\/actistress.com\/wp-content\/uploads\/2024\/03\/bande-blanche-1024x29.png"},{"@type":"BreadcrumbList","@id":"https:\/\/actistress.com\/offre-individuelle\/le-coaching-par-actistress\/#breadcrumb","itemListElement":[{"@type":"ListItem","position":1,"name":"Accueil","item":"https:\/\/actistress.com\/"},{"@type":"ListItem","position":2,"name":"Offre individuelle","item":"https:\/\/actistress.com\/offre-individuelle\/"},{"@type":"ListItem","position":3,"name":"Le coaching par Actistress"}]},{"@type":"WebSite","@id":"https:\/\/actistress.com\/fr\/#website","url":"https:\/\/actistress.com\/fr\/","name":"Actistress : Pr\u00e9vention et Traitement du stress par la m\u00e9thode de la recorporation active","description":"","publisher":{"@id":"https:\/\/actistress.com\/fr\/#organization"},"potentialAction":[{"@type":"SearchAction","target":{"@type":"EntryPoint","urlTemplate":"https:\/\/actistress.com\/fr\/?s={search_term_string}"},"query-input":{"@type":"PropertyValueSpecification","valueRequired":true,"valueName":"search_term_string"}}],"inLanguage":"fr-FR"},{"@type":"Organization","@id":"https:\/\/actistress.com\/fr\/#organization","name":"Actistress","url":"https:\/\/actistress.com\/fr\/","logo":{"@type":"ImageObject","inLanguage":"fr-FR","@id":"https:\/\/actistress.com\/fr\/#\/schema\/logo\/image\/","url":"https:\/\/actistress.com\/wp-content\/uploads\/2020\/06\/logo-1.png","contentUrl":"https:\/\/actistress.com\/wp-content\/uploads\/2020\/06\/logo-1.png","width":1428,"height":781,"caption":"Actistress"},"image":{"@id":"https:\/\/actistress.com\/fr\/#\/schema\/logo\/image\/"},"sameAs":["http:\/\/facebook.com\/actistress","https:\/\/x.com\/actistress","http:\/\/instagram.com\/actistress","http:\/\/linkedin.com\/company\/actistress","https:\/\/www.youtube.com\/channel\/UCyQTHYldyX9uD0QpLdyk0ag"]}]}},"_links":{"self":[{"href":"https:\/\/actistress.com\/fr\/wp-json\/wp\/v2\/pages\/8203","targetHints":{"allow":["GET"]}}],"collection":[{"href":"https:\/\/actistress.com\/fr\/wp-json\/wp\/v2\/pages"}],"about":[{"href":"https:\/\/actistress.com\/fr\/wp-json\/wp\/v2\/types\/page"}],"author":[{"embeddable":true,"href":"https:\/\/actistress.com\/fr\/wp-json\/wp\/v2\/users\/1"}],"replies":[{"embeddable":true,"href":"https:\/\/actistress.com\/fr\/wp-json\/wp\/v2\/comments?post=8203"}],"version-history":[{"count":12,"href":"https:\/\/actistress.com\/fr\/wp-json\/wp\/v2\/pages\/8203\/revisions"}],"predecessor-version":[{"id":8623,"href":"https:\/\/actistress.com\/fr\/wp-json\/wp\/v2\/pages\/8203\/revisions\/8623"}],"up":[{"embeddable":true,"href":"https:\/\/actistress.com\/fr\/wp-json\/wp\/v2\/pages\/7396"}],"wp:attachment":[{"href":"https:\/\/actistress.com\/fr\/wp-json\/wp\/v2\/media?parent=8203"}],"curies":[{"name":"wp","href":"https:\/\/api.w.org\/{rel}","templated":true}]}}