{"id":4703,"date":"2022-03-21T14:39:42","date_gmt":"2022-03-21T13:39:42","guid":{"rendered":"https:\/\/actistress.com\/?page_id=4703"},"modified":"2025-10-29T17:29:45","modified_gmt":"2025-10-29T16:29:45","slug":"liseuse-la-methode-actistress","status":"publish","type":"page","link":"https:\/\/actistress.com\/fr\/liseuse-la-methode-actistress\/","title":{"rendered":"Liseuse : La m\u00e9thode Actistress"},"content":{"rendered":"\t\t<div data-elementor-type=\"wp-page\" data-elementor-id=\"4703\" class=\"elementor elementor-4703\">\n\t\t\t\t\t\t<section class=\"elementor-section elementor-top-section elementor-element elementor-element-c637747 elementor-section-full_width elementor-section-height-full elementor-section-height-default elementor-section-items-middle\" data-id=\"c637747\" data-element_type=\"section\" data-e-type=\"section\">\n\t\t\t\t\t\t<div class=\"elementor-container elementor-column-gap-default\">\n\t\t\t\t\t<div class=\"elementor-column elementor-col-100 elementor-top-column elementor-element elementor-element-d94c377\" data-id=\"d94c377\" data-element_type=\"column\" data-e-type=\"column\">\n\t\t\t<div class=\"elementor-widget-wrap elementor-element-populated\">\n\t\t\t\t\t\t<div class=\"elementor-element elementor-element-ce6331a elementor-widget elementor-widget-shortcode\" data-id=\"ce6331a\" data-element_type=\"widget\" data-e-type=\"widget\" data-widget_type=\"shortcode.default\">\n\t\t\t\t\t\t\t<div class=\"elementor-shortcode\"><div class=\"_df_book df-lite\" id=\"df_4698\"  _slug=\"la-methode-actistress\" data-title=\"la-methode-actistress\" wpoptions=\"true\" thumb=\"https:\/\/actistress.com\/wp-content\/uploads\/2022\/03\/PDF-la-methode-actistress.png\" thumbtype=\"\" ><\/div><script class=\"df-shortcode-script\" nowprocket type=\"application\/javascript\">window.option_df_4698 = {\"outline\":[],\"backgroundColor\":\"#ffffff\",\"autoEnableOutline\":\"false\",\"autoEnableThumbnail\":\"false\",\"overwritePDFOutline\":\"false\",\"direction\":\"1\",\"pageSize\":\"0\",\"source\":\"https:\\\/\\\/actistress.com\\\/wp-content\\\/uploads\\\/2022\\\/03\\\/2024-02-Livret-Methode-Actistress.pdf\",\"wpOptions\":\"true\"}; if(window.DFLIP && window.DFLIP.parseBooks){window.DFLIP.parseBooks();}<\/script><\/div>\n\t\t\t\t\t\t<\/div>\n\t\t\t\t<div class=\"elementor-element elementor-element-d7a93e7 premium-modal-dismissible-yes elementor-widget elementor-widget-premium-addon-modal-box\" data-id=\"d7a93e7\" data-element_type=\"widget\" data-e-type=\"widget\" data-settings=\"{&quot;premium_modal_box_animation&quot;:&quot;fadeInDown&quot;}\" data-widget_type=\"premium-addon-modal-box.default\">\n\t\t\t\t\t\n\t\t<div class=\"premium-modal-box-container\" data-settings=\"{&quot;trigger&quot;:&quot;pageload&quot;,&quot;show_on_exit&quot;:false,&quot;delay&quot;:1}\">\n\t\t\t<div class=\"premium-modal-trigger-container\">\n\t\t\t\t\t\t\t<\/div>\n\n\t\t\t<div id=\"premium-modal-d7a93e7\" class=\"premium-modal-box-modal\"\n\t\t\trole=\"dialog\"\n\t\t\tstyle=\"display: none\"\n\t\t\t>\n\t\t\t\t<div class=\"premium-modal-box-modal-dialog\" data-delay-animation=\"\" data-modal-animation=\"fadeInDown animated-fast\">\n\t\t\t\t\t\t\t\t\t\t<div class=\"premium-modal-box-modal-body\">\n\t\t\t\t\t\t\t\t\t\t\t\t\t<div dir=\"auto\"><div dir=\"auto\"><div dir=\"auto\"><div dir=\"auto\"><div dir=\"auto\"><div dir=\"auto\"><div dir=\"auto\"><img decoding=\"async\" class=\"wp-image-4940 aligncenter\" src=\"https:\/\/actistress.com\/wp-content\/uploads\/2022\/04\/HANDICAPS-2.png\" alt=\"\" width=\"110\" height=\"109\" srcset=\"https:\/\/actistress.com\/wp-content\/uploads\/2022\/04\/HANDICAPS-2.png 200w, https:\/\/actistress.com\/wp-content\/uploads\/2022\/04\/HANDICAPS-2-150x150.png 150w, https:\/\/actistress.com\/wp-content\/uploads\/2022\/04\/HANDICAPS-2-12x12.png 12w\" sizes=\"(max-width: 110px) 100vw, 110px\" \/><\/div><div dir=\"auto\">\u00a0<\/div><div dir=\"auto\">Nous prenons en compte les situations de handicap au cas par cas et adaptons nos prestations pour permettre \u00e0 chacun de suivre nos formations.<\/div><div dir=\"auto\">\u00a0<\/div><div dir=\"auto\">Ainsi, conform\u00e9ment \u00e0 la loi accessibilit\u00e9, tous les sites de formation sont accessibles aux personnes en situation de handicap.\u00a0<\/div><div dir=\"auto\">Concernant les examens\/\u00e9valuations, d\u2019\u00e9ventuels am\u00e9nagements particuliers peuvent \u00e9galement \u00eatre propos\u00e9s.<\/div><div dir=\"auto\">\u00a0<\/div><div dir=\"auto\">Il est recommand\u00e9 de nous informer de votre situation d\u00e8s votre inscription.<\/div><div dir=\"auto\">\u00a0<\/div><div dir=\"auto\">Pour toute information suppl\u00e9mentaire veuillez contacter notre r\u00e9f\u00e9rente handicap<\/div><div dir=\"auto\">St\u00e9phanie JOURDAN en cliquant <strong><a href=\"mailto:stephanie.jourdan@actistress.com\">ici<\/a><\/strong><\/div><\/div><\/div><div dir=\"auto\">\u00a0<\/div><div dir=\"auto\"><strong>Nos formations n&rsquo;ont pas de pr\u00e9requis autre que la compr\u00e9hension du fran\u00e7ais<\/strong><\/div><\/div><\/div><\/div><\/div><div dir=\"auto\">\u00a0<\/div>\n\t\t\t\t\t\t\t\t\t\t\t<\/div>\n\t\t\t\t\t\t\t\t\t\t\t<div class=\"premium-modal-box-modal-footer\">\n\t\t\t\t\t\t\t<button type=\"button\" class=\"premium-modal-box-modal-lower-close\" data-dismiss=\"premium-modal\">\n\t\t\t\t\t\t\t\tFermer\t\t\t\t\t\t\t<\/button>\n\t\t\t\t\t\t<\/div>\n\t\t\t\t\t\t\t\t\t<\/div>\n\t\t\t<\/div>\n\t\t<\/div>\n\t\t\t\t\t\t<\/div>\n\t\t\t\t\t<\/div>\n\t\t<\/div>\n\t\t\t\t\t<\/div>\n\t\t<\/section>\n\t\t\t\t<\/div>\n\t\t","protected":false},"excerpt":{"rendered":"<p>\u00a0Nous prenons en compte les situations de handicap au cas par cas et adaptons nos prestations pour permettre \u00e0 chacun de suivre nos formations.\u00a0Ainsi, conform\u00e9ment \u00e0 la loi accessibilit\u00e9, tous les sites de formation sont accessibles aux personnes en situation de handicap.\u00a0Concernant les examens\/\u00e9valuations, d\u2019\u00e9ventuels am\u00e9nagements particuliers peuvent \u00e9galement \u00eatre propos\u00e9s.\u00a0Il est recommand\u00e9 de nous [&hellip;]<\/p>\n","protected":false},"author":1,"featured_media":0,"parent":0,"menu_order":0,"comment_status":"closed","ping_status":"closed","template":"","meta":{"_acf_changed":false,"site-sidebar-layout":"no-sidebar","site-content-layout":"page-builder","ast-site-content-layout":"default","site-content-style":"default","site-sidebar-style":"default","ast-global-header-display":"","ast-banner-title-visibility":"","ast-main-header-display":"","ast-hfb-above-header-display":"","ast-hfb-below-header-display":"","ast-hfb-mobile-header-display":"","site-post-title":"disabled","ast-breadcrumbs-content":"","ast-featured-img":"disabled","footer-sml-layout":"","ast-disable-related-posts":"","theme-transparent-header-meta":"","adv-header-id-meta":"","stick-header-meta":"","header-above-stick-meta":"","header-main-stick-meta":"","header-below-stick-meta":"","astra-migrate-meta-layouts":"default","ast-page-background-enabled":"default","ast-page-background-meta":{"desktop":{"background-color":"","background-image":"","background-repeat":"repeat","background-position":"center center","background-size":"auto","background-attachment":"scroll","background-type":"","background-media":"","overlay-type":"","overlay-color":"","overlay-opacity":"","overlay-gradient":""},"tablet":{"background-color":"","background-image":"","background-repeat":"repeat","background-position":"center center","background-size":"auto","background-attachment":"scroll","background-type":"","background-media":"","overlay-type":"","overlay-color":"","overlay-opacity":"","overlay-gradient":""},"mobile":{"background-color":"","background-image":"","background-repeat":"repeat","background-position":"center center","background-size":"auto","background-attachment":"scroll","background-type":"","background-media":"","overlay-type":"","overlay-color":"","overlay-opacity":"","overlay-gradient":""}},"ast-content-background-meta":{"desktop":{"background-color":"var(--ast-global-color-5)","background-image":"","background-repeat":"repeat","background-position":"center center","background-size":"auto","background-attachment":"scroll","background-type":"","background-media":"","overlay-type":"","overlay-color":"","overlay-opacity":"","overlay-gradient":""},"tablet":{"background-color":"var(--ast-global-color-5)","background-image":"","background-repeat":"repeat","background-position":"center center","background-size":"auto","background-attachment":"scroll","background-type":"","background-media":"","overlay-type":"","overlay-color":"","overlay-opacity":"","overlay-gradient":""},"mobile":{"background-color":"var(--ast-global-color-5)","background-image":"","background-repeat":"repeat","background-position":"center center","background-size":"auto","background-attachment":"scroll","background-type":"","background-media":"","overlay-type":"","overlay-color":"","overlay-opacity":"","overlay-gradient":""}},"footnotes":""},"class_list":["post-4703","page","type-page","status-publish","hentry"],"acf":[],"yoast_head":"<!-- This site is optimized with the Yoast SEO plugin v27.3 - https:\/\/yoast.com\/product\/yoast-seo-wordpress\/ -->\n<title>Liseuse : La m\u00e9thode Actistress - Actistress : Pr\u00e9vention et Traitement du stress par la m\u00e9thode de la recorporation active<\/title>\n<meta name=\"robots\" content=\"index, follow, max-snippet:-1, max-image-preview:large, max-video-preview:-1\" \/>\n<link rel=\"canonical\" href=\"https:\/\/actistress.com\/fr\/liseuse-la-methode-actistress\/\" \/>\n<meta property=\"og:locale\" content=\"fr_FR\" \/>\n<meta property=\"og:type\" content=\"article\" \/>\n<meta property=\"og:title\" content=\"Liseuse : La m\u00e9thode Actistress - Actistress : Pr\u00e9vention et Traitement du stress par la m\u00e9thode de la recorporation active\" \/>\n<meta property=\"og:description\" content=\"\u00a0Nous prenons en compte les situations de handicap au cas par cas et adaptons nos prestations pour permettre \u00e0 chacun de suivre nos formations.\u00a0Ainsi, conform\u00e9ment \u00e0 la loi accessibilit\u00e9, tous les sites de formation sont accessibles aux personnes en situation de handicap.\u00a0Concernant les examens\/\u00e9valuations, d\u2019\u00e9ventuels am\u00e9nagements particuliers peuvent \u00e9galement \u00eatre propos\u00e9s.\u00a0Il est recommand\u00e9 de nous [&hellip;]\" \/>\n<meta property=\"og:url\" content=\"https:\/\/actistress.com\/fr\/liseuse-la-methode-actistress\/\" \/>\n<meta property=\"og:site_name\" content=\"Actistress : Pr\u00e9vention et Traitement du stress par la m\u00e9thode de la recorporation active\" \/>\n<meta property=\"article:publisher\" content=\"http:\/\/facebook.com\/actistress\" \/>\n<meta property=\"article:modified_time\" content=\"2025-10-29T16:29:45+00:00\" \/>\n<meta property=\"og:image\" content=\"https:\/\/actistress.com\/wp-content\/uploads\/2022\/04\/HANDICAPS-2.png\" \/>\n\t<meta property=\"og:image:width\" content=\"200\" \/>\n\t<meta property=\"og:image:height\" content=\"198\" \/>\n\t<meta property=\"og:image:type\" content=\"image\/png\" \/>\n<meta name=\"twitter:card\" content=\"summary_large_image\" \/>\n<meta name=\"twitter:site\" content=\"@actistress\" \/>\n<meta name=\"twitter:label1\" content=\"Dur\u00e9e de lecture estim\u00e9e\" \/>\n\t<meta name=\"twitter:data1\" content=\"1 minute\" \/>\n<script type=\"application\/ld+json\" class=\"yoast-schema-graph\">{\"@context\":\"https:\\\/\\\/schema.org\",\"@graph\":[{\"@type\":\"WebPage\",\"@id\":\"https:\\\/\\\/actistress.com\\\/liseuse-la-methode-actistress\\\/\",\"url\":\"https:\\\/\\\/actistress.com\\\/liseuse-la-methode-actistress\\\/\",\"name\":\"Liseuse : La m\u00e9thode Actistress - Actistress : Pr\u00e9vention et Traitement du stress par la m\u00e9thode de la recorporation active\",\"isPartOf\":{\"@id\":\"https:\\\/\\\/actistress.com\\\/fr\\\/#website\"},\"primaryImageOfPage\":{\"@id\":\"https:\\\/\\\/actistress.com\\\/liseuse-la-methode-actistress\\\/#primaryimage\"},\"image\":{\"@id\":\"https:\\\/\\\/actistress.com\\\/liseuse-la-methode-actistress\\\/#primaryimage\"},\"thumbnailUrl\":\"https:\\\/\\\/actistress.com\\\/wp-content\\\/uploads\\\/2022\\\/04\\\/HANDICAPS-2.png\",\"datePublished\":\"2022-03-21T13:39:42+00:00\",\"dateModified\":\"2025-10-29T16:29:45+00:00\",\"breadcrumb\":{\"@id\":\"https:\\\/\\\/actistress.com\\\/liseuse-la-methode-actistress\\\/#breadcrumb\"},\"inLanguage\":\"fr-FR\",\"potentialAction\":[{\"@type\":\"ReadAction\",\"target\":[\"https:\\\/\\\/actistress.com\\\/liseuse-la-methode-actistress\\\/\"]}]},{\"@type\":\"ImageObject\",\"inLanguage\":\"fr-FR\",\"@id\":\"https:\\\/\\\/actistress.com\\\/liseuse-la-methode-actistress\\\/#primaryimage\",\"url\":\"https:\\\/\\\/actistress.com\\\/wp-content\\\/uploads\\\/2022\\\/04\\\/HANDICAPS-2.png\",\"contentUrl\":\"https:\\\/\\\/actistress.com\\\/wp-content\\\/uploads\\\/2022\\\/04\\\/HANDICAPS-2.png\"},{\"@type\":\"BreadcrumbList\",\"@id\":\"https:\\\/\\\/actistress.com\\\/liseuse-la-methode-actistress\\\/#breadcrumb\",\"itemListElement\":[{\"@type\":\"ListItem\",\"position\":1,\"name\":\"Accueil\",\"item\":\"https:\\\/\\\/actistress.com\\\/\"},{\"@type\":\"ListItem\",\"position\":2,\"name\":\"Liseuse : La m\u00e9thode Actistress\"}]},{\"@type\":\"WebSite\",\"@id\":\"https:\\\/\\\/actistress.com\\\/fr\\\/#website\",\"url\":\"https:\\\/\\\/actistress.com\\\/fr\\\/\",\"name\":\"Actistress : Pr\u00e9vention et Traitement du stress par la m\u00e9thode de la recorporation active\",\"description\":\"\",\"publisher\":{\"@id\":\"https:\\\/\\\/actistress.com\\\/fr\\\/#organization\"},\"potentialAction\":[{\"@type\":\"SearchAction\",\"target\":{\"@type\":\"EntryPoint\",\"urlTemplate\":\"https:\\\/\\\/actistress.com\\\/fr\\\/?s={search_term_string}\"},\"query-input\":{\"@type\":\"PropertyValueSpecification\",\"valueRequired\":true,\"valueName\":\"search_term_string\"}}],\"inLanguage\":\"fr-FR\"},{\"@type\":\"Organization\",\"@id\":\"https:\\\/\\\/actistress.com\\\/fr\\\/#organization\",\"name\":\"Actistress\",\"url\":\"https:\\\/\\\/actistress.com\\\/fr\\\/\",\"logo\":{\"@type\":\"ImageObject\",\"inLanguage\":\"fr-FR\",\"@id\":\"https:\\\/\\\/actistress.com\\\/fr\\\/#\\\/schema\\\/logo\\\/image\\\/\",\"url\":\"https:\\\/\\\/actistress.com\\\/wp-content\\\/uploads\\\/2020\\\/06\\\/logo-1.png\",\"contentUrl\":\"https:\\\/\\\/actistress.com\\\/wp-content\\\/uploads\\\/2020\\\/06\\\/logo-1.png\",\"width\":1428,\"height\":781,\"caption\":\"Actistress\"},\"image\":{\"@id\":\"https:\\\/\\\/actistress.com\\\/fr\\\/#\\\/schema\\\/logo\\\/image\\\/\"},\"sameAs\":[\"http:\\\/\\\/facebook.com\\\/actistress\",\"https:\\\/\\\/x.com\\\/actistress\",\"http:\\\/\\\/instagram.com\\\/actistress\",\"http:\\\/\\\/linkedin.com\\\/company\\\/actistress\",\"https:\\\/\\\/www.youtube.com\\\/channel\\\/UCyQTHYldyX9uD0QpLdyk0ag\"]}]}<\/script>\n<!-- \/ Yoast SEO plugin. -->","yoast_head_json":{"title":"Liseuse : La m\u00e9thode Actistress - Actistress : Pr\u00e9vention et Traitement du stress par la m\u00e9thode de la recorporation active","robots":{"index":"index","follow":"follow","max-snippet":"max-snippet:-1","max-image-preview":"max-image-preview:large","max-video-preview":"max-video-preview:-1"},"canonical":"https:\/\/actistress.com\/fr\/liseuse-la-methode-actistress\/","og_locale":"fr_FR","og_type":"article","og_title":"Liseuse : La m\u00e9thode Actistress - Actistress : Pr\u00e9vention et Traitement du stress par la m\u00e9thode de la recorporation active","og_description":"\u00a0Nous prenons en compte les situations de handicap au cas par cas et adaptons nos prestations pour permettre \u00e0 chacun de suivre nos formations.\u00a0Ainsi, conform\u00e9ment \u00e0 la loi accessibilit\u00e9, tous les sites de formation sont accessibles aux personnes en situation de handicap.\u00a0Concernant les examens\/\u00e9valuations, d\u2019\u00e9ventuels am\u00e9nagements particuliers peuvent \u00e9galement \u00eatre propos\u00e9s.\u00a0Il est recommand\u00e9 de nous [&hellip;]","og_url":"https:\/\/actistress.com\/fr\/liseuse-la-methode-actistress\/","og_site_name":"Actistress : Pr\u00e9vention et Traitement du stress par la m\u00e9thode de la recorporation active","article_publisher":"http:\/\/facebook.com\/actistress","article_modified_time":"2025-10-29T16:29:45+00:00","og_image":[{"width":200,"height":198,"url":"https:\/\/actistress.com\/wp-content\/uploads\/2022\/04\/HANDICAPS-2.png","type":"image\/png"}],"twitter_card":"summary_large_image","twitter_site":"@actistress","twitter_misc":{"Dur\u00e9e de lecture estim\u00e9e":"1 minute"},"schema":{"@context":"https:\/\/schema.org","@graph":[{"@type":"WebPage","@id":"https:\/\/actistress.com\/liseuse-la-methode-actistress\/","url":"https:\/\/actistress.com\/liseuse-la-methode-actistress\/","name":"Liseuse : La m\u00e9thode Actistress - Actistress : Pr\u00e9vention et Traitement du stress par la m\u00e9thode de la recorporation active","isPartOf":{"@id":"https:\/\/actistress.com\/fr\/#website"},"primaryImageOfPage":{"@id":"https:\/\/actistress.com\/liseuse-la-methode-actistress\/#primaryimage"},"image":{"@id":"https:\/\/actistress.com\/liseuse-la-methode-actistress\/#primaryimage"},"thumbnailUrl":"https:\/\/actistress.com\/wp-content\/uploads\/2022\/04\/HANDICAPS-2.png","datePublished":"2022-03-21T13:39:42+00:00","dateModified":"2025-10-29T16:29:45+00:00","breadcrumb":{"@id":"https:\/\/actistress.com\/liseuse-la-methode-actistress\/#breadcrumb"},"inLanguage":"fr-FR","potentialAction":[{"@type":"ReadAction","target":["https:\/\/actistress.com\/liseuse-la-methode-actistress\/"]}]},{"@type":"ImageObject","inLanguage":"fr-FR","@id":"https:\/\/actistress.com\/liseuse-la-methode-actistress\/#primaryimage","url":"https:\/\/actistress.com\/wp-content\/uploads\/2022\/04\/HANDICAPS-2.png","contentUrl":"https:\/\/actistress.com\/wp-content\/uploads\/2022\/04\/HANDICAPS-2.png"},{"@type":"BreadcrumbList","@id":"https:\/\/actistress.com\/liseuse-la-methode-actistress\/#breadcrumb","itemListElement":[{"@type":"ListItem","position":1,"name":"Accueil","item":"https:\/\/actistress.com\/"},{"@type":"ListItem","position":2,"name":"Liseuse : La m\u00e9thode Actistress"}]},{"@type":"WebSite","@id":"https:\/\/actistress.com\/fr\/#website","url":"https:\/\/actistress.com\/fr\/","name":"Actistress : Pr\u00e9vention et Traitement du stress par la m\u00e9thode de la recorporation active","description":"","publisher":{"@id":"https:\/\/actistress.com\/fr\/#organization"},"potentialAction":[{"@type":"SearchAction","target":{"@type":"EntryPoint","urlTemplate":"https:\/\/actistress.com\/fr\/?s={search_term_string}"},"query-input":{"@type":"PropertyValueSpecification","valueRequired":true,"valueName":"search_term_string"}}],"inLanguage":"fr-FR"},{"@type":"Organization","@id":"https:\/\/actistress.com\/fr\/#organization","name":"Actistress","url":"https:\/\/actistress.com\/fr\/","logo":{"@type":"ImageObject","inLanguage":"fr-FR","@id":"https:\/\/actistress.com\/fr\/#\/schema\/logo\/image\/","url":"https:\/\/actistress.com\/wp-content\/uploads\/2020\/06\/logo-1.png","contentUrl":"https:\/\/actistress.com\/wp-content\/uploads\/2020\/06\/logo-1.png","width":1428,"height":781,"caption":"Actistress"},"image":{"@id":"https:\/\/actistress.com\/fr\/#\/schema\/logo\/image\/"},"sameAs":["http:\/\/facebook.com\/actistress","https:\/\/x.com\/actistress","http:\/\/instagram.com\/actistress","http:\/\/linkedin.com\/company\/actistress","https:\/\/www.youtube.com\/channel\/UCyQTHYldyX9uD0QpLdyk0ag"]}]}},"_links":{"self":[{"href":"https:\/\/actistress.com\/fr\/wp-json\/wp\/v2\/pages\/4703","targetHints":{"allow":["GET"]}}],"collection":[{"href":"https:\/\/actistress.com\/fr\/wp-json\/wp\/v2\/pages"}],"about":[{"href":"https:\/\/actistress.com\/fr\/wp-json\/wp\/v2\/types\/page"}],"author":[{"embeddable":true,"href":"https:\/\/actistress.com\/fr\/wp-json\/wp\/v2\/users\/1"}],"replies":[{"embeddable":true,"href":"https:\/\/actistress.com\/fr\/wp-json\/wp\/v2\/comments?post=4703"}],"version-history":[{"count":3,"href":"https:\/\/actistress.com\/fr\/wp-json\/wp\/v2\/pages\/4703\/revisions"}],"predecessor-version":[{"id":10000,"href":"https:\/\/actistress.com\/fr\/wp-json\/wp\/v2\/pages\/4703\/revisions\/10000"}],"wp:attachment":[{"href":"https:\/\/actistress.com\/fr\/wp-json\/wp\/v2\/media?parent=4703"}],"curies":[{"name":"wp","href":"https:\/\/api.w.org\/{rel}","templated":true}]}}