{"id":4286,"date":"2022-01-18T11:15:49","date_gmt":"2022-01-18T10:15:49","guid":{"rendered":"https:\/\/actistress.com\/?page_id=4286"},"modified":"2023-09-18T19:13:08","modified_gmt":"2023-09-18T17:13:08","slug":"le-stress-parlons-en","status":"publish","type":"page","link":"https:\/\/actistress.com\/fr\/le-stress-parlons-en\/","title":{"rendered":"Le stress parlons-en !"},"content":{"rendered":"\t\t<div data-elementor-type=\"wp-page\" data-elementor-id=\"4286\" class=\"elementor elementor-4286\">\n\t\t\t\t\t\t<section class=\"elementor-section elementor-top-section elementor-element elementor-element-cd210cd elementor-section-height-min-height elementor-section-boxed elementor-section-height-default elementor-section-items-middle\" data-id=\"cd210cd\" data-element_type=\"section\" data-e-type=\"section\" data-settings=\"{&quot;background_background&quot;:&quot;classic&quot;}\">\n\t\t\t\t\t\t<div class=\"elementor-container elementor-column-gap-default\">\n\t\t\t\t\t<div class=\"elementor-column elementor-col-100 elementor-top-column elementor-element elementor-element-e07b8df\" data-id=\"e07b8df\" data-element_type=\"column\" data-e-type=\"column\">\n\t\t\t<div class=\"elementor-widget-wrap\">\n\t\t\t\t\t\t\t<\/div>\n\t\t<\/div>\n\t\t\t\t\t<\/div>\n\t\t<\/section>\n\t\t\t\t<section class=\"elementor-section elementor-top-section elementor-element elementor-element-9376931 elementor-section-boxed elementor-section-height-default elementor-section-height-default\" data-id=\"9376931\" data-element_type=\"section\" data-e-type=\"section\">\n\t\t\t\t\t\t<div class=\"elementor-container elementor-column-gap-default\">\n\t\t\t\t\t<div class=\"elementor-column elementor-col-100 elementor-top-column elementor-element elementor-element-959fb9f\" data-id=\"959fb9f\" data-element_type=\"column\" data-e-type=\"column\">\n\t\t\t<div class=\"elementor-widget-wrap elementor-element-populated\">\n\t\t\t\t\t\t<div class=\"elementor-element elementor-element-c8903d9 elementor-widget elementor-widget-image\" data-id=\"c8903d9\" data-element_type=\"widget\" data-e-type=\"widget\" data-widget_type=\"image.default\">\n\t\t\t\t\t\t\t\t\t\t\t\t\t\t\t<img decoding=\"async\" src=\"https:\/\/actistress.com\/wp-content\/uploads\/2020\/06\/pic1.png\" title=\"\" alt=\"\" loading=\"lazy\" \/>\t\t\t\t\t\t\t\t\t\t\t\t\t\t\t<\/div>\n\t\t\t\t<div class=\"elementor-element elementor-element-089bf8a elementor-widget elementor-widget-heading\" data-id=\"089bf8a\" data-element_type=\"widget\" data-e-type=\"widget\" data-widget_type=\"heading.default\">\n\t\t\t\t\t<h1 class=\"elementor-heading-title elementor-size-default\">Le stress parlons-en !<\/h1>\t\t\t\t<\/div>\n\t\t\t\t<section class=\"elementor-section elementor-inner-section elementor-element elementor-element-fcb2507 elementor-section-boxed elementor-section-height-default elementor-section-height-default\" data-id=\"fcb2507\" data-element_type=\"section\" data-e-type=\"section\">\n\t\t\t\t\t\t<div class=\"elementor-container elementor-column-gap-default\">\n\t\t\t\t\t<div class=\"elementor-column elementor-col-50 elementor-inner-column elementor-element elementor-element-20ae01a\" data-id=\"20ae01a\" data-element_type=\"column\" data-e-type=\"column\">\n\t\t\t<div class=\"elementor-widget-wrap elementor-element-populated\">\n\t\t\t\t\t\t<div class=\"elementor-element elementor-element-e84a2c6 elementor-widget elementor-widget-heading\" data-id=\"e84a2c6\" data-element_type=\"widget\" data-e-type=\"widget\" data-widget_type=\"heading.default\">\n\t\t\t\t\t<h3 class=\"elementor-heading-title elementor-size-default\">Sans stress pas de vie<\/h3>\t\t\t\t<\/div>\n\t\t\t\t<div class=\"elementor-element elementor-element-8f272e8 elementor-widget elementor-widget-text-editor\" data-id=\"8f272e8\" data-element_type=\"widget\" data-e-type=\"widget\" data-widget_type=\"text-editor.default\">\n\t\t\t\t\t\t\t\t\t<p>Le stress est essentiel \u00e0 la vie. Il est le moteur de l\u2019\u00e9volution et de l\u2019adaptation. Il nous aide \u00e0 passer des caps, \u00e0 faire face , \u00e0 nous d\u00e9passer pour traverser les situations difficiles. Nous n\u2019existerions pas sans lui. En revanche, si le stress est utile, il peut \u00eatre dangereux quand il s\u2019installe de fa\u00e7on prolong\u00e9e.<\/p>\t\t\t\t\t\t\t\t<\/div>\n\t\t\t\t\t<\/div>\n\t\t<\/div>\n\t\t\t\t<div class=\"elementor-column elementor-col-50 elementor-inner-column elementor-element elementor-element-25a07c8\" data-id=\"25a07c8\" data-element_type=\"column\" data-e-type=\"column\">\n\t\t\t<div class=\"elementor-widget-wrap elementor-element-populated\">\n\t\t\t\t\t\t<div class=\"elementor-element elementor-element-a4a1321 elementor-widget elementor-widget-heading\" data-id=\"a4a1321\" data-element_type=\"widget\" data-e-type=\"widget\" data-widget_type=\"heading.default\">\n\t\t\t\t\t<h3 class=\"elementor-heading-title elementor-size-default\">Le bon stress<\/h3>\t\t\t\t<\/div>\n\t\t\t\t<div class=\"elementor-element elementor-element-e260dcc elementor-widget elementor-widget-text-editor\" data-id=\"e260dcc\" data-element_type=\"widget\" data-e-type=\"widget\" data-widget_type=\"text-editor.default\">\n\t\t\t\t\t\t\t\t\t<p>C\u2019est la zone du stress qui nous permet de faire face aux situations nouvelles, difficiles ou impr\u00e9vues tout en restant en bonne sant\u00e9. Dans cette zone, notre corps est boost\u00e9 : il r\u00e9fl\u00e9chit plus vite, il bouge mieux, il s\u2019adapte plus rapidement. Toute la question est de savoir activer ce bon stress quand cela est n\u00e9cessaire. Il est important de comprendre que cela ne s\u2019invente pas et qu\u2019il y a une strat\u00e9gie et une pr\u00e9paration nerveuse sp\u00e9cifique \u00e0 suivre.<\/p>\t\t\t\t\t\t\t\t<\/div>\n\t\t\t\t\t<\/div>\n\t\t<\/div>\n\t\t\t\t\t<\/div>\n\t\t<\/section>\n\t\t\t\t<section class=\"elementor-section elementor-inner-section elementor-element elementor-element-c0f2910 elementor-section-boxed elementor-section-height-default elementor-section-height-default\" data-id=\"c0f2910\" data-element_type=\"section\" data-e-type=\"section\">\n\t\t\t\t\t\t<div class=\"elementor-container elementor-column-gap-default\">\n\t\t\t\t\t<div class=\"elementor-column elementor-col-50 elementor-inner-column elementor-element elementor-element-21652c0\" data-id=\"21652c0\" data-element_type=\"column\" data-e-type=\"column\">\n\t\t\t<div class=\"elementor-widget-wrap elementor-element-populated\">\n\t\t\t\t\t\t<div class=\"elementor-element elementor-element-de6b767 elementor-widget elementor-widget-heading\" data-id=\"de6b767\" data-element_type=\"widget\" data-e-type=\"widget\" data-widget_type=\"heading.default\">\n\t\t\t\t\t<h3 class=\"elementor-heading-title elementor-size-default\">Le mauvais stress<\/h3>\t\t\t\t<\/div>\n\t\t\t\t<div class=\"elementor-element elementor-element-ee80722 elementor-widget elementor-widget-text-editor\" data-id=\"ee80722\" data-element_type=\"widget\" data-e-type=\"widget\" data-widget_type=\"text-editor.default\">\n\t\t\t\t\t\t\t\t\t<p>Il \u00e9puise le corps en installant un feu biologique qui pille nos ressources biologiques, \u00e9motionnelles, cognitives et psychologiques. Il provoque aussi une amn\u00e9sie sensorielle et motrice dont nous n\u2019avons pas conscience car elle s\u2019installe graduellement : nous contr\u00f4lons de moins en moins un corps et une t\u00eate qui ne cessent de s\u2019\u00e9puiser. Le r\u00e9sultat est une \u00ab d\u00e9corporation passive \u00bb. Nous sommes plus fragiles face aux maladies, porteurs d\u2019une tension constante de fond et nous subissons une baisse drastique de notre capacit\u00e9 de r\u00e9cup\u00e9ration et d\u2019interaction avec l\u2019ext\u00e9rieur (perte d\u2019\u00e9coute, d\u2019attention, de r\u00e9flexion, de vision, d\u2019anticipation\u2026).<\/p>\t\t\t\t\t\t\t\t<\/div>\n\t\t\t\t\t<\/div>\n\t\t<\/div>\n\t\t\t\t<div class=\"elementor-column elementor-col-50 elementor-inner-column elementor-element elementor-element-6ce07ab\" data-id=\"6ce07ab\" data-element_type=\"column\" data-e-type=\"column\">\n\t\t\t<div class=\"elementor-widget-wrap elementor-element-populated\">\n\t\t\t\t\t\t<div class=\"elementor-element elementor-element-5391dba elementor-widget elementor-widget-heading\" data-id=\"5391dba\" data-element_type=\"widget\" data-e-type=\"widget\" data-widget_type=\"heading.default\">\n\t\t\t\t\t<h3 class=\"elementor-heading-title elementor-size-default\">Le stress parle au corps avant la t\u00eate<\/h3>\t\t\t\t<\/div>\n\t\t\t\t<div class=\"elementor-element elementor-element-7be41c8 elementor-widget elementor-widget-text-editor\" data-id=\"7be41c8\" data-element_type=\"widget\" data-e-type=\"widget\" data-widget_type=\"text-editor.default\">\n\t\t\t\t\t\t\t\t\t<p>Nous sommes des ANIMAUX humains avant d\u2019\u00eatre des \u00eatres pensants et nous devons notre survie \u00e0 l\u2019existence du m\u00e9canisme de stress. Ce processus physiologique port\u00e9 par le syst\u00e8me nerveux qui contr\u00f4le le syst\u00e8me hormonal s\u2019accompagne de la mobilisation de nos ressources physiques, \u00e9motionnelles, cognitives et psychologiques. C\u2019est donc un processus int\u00e9gratif qui part du corps pour aller jusqu\u2019\u00e0 la t\u00eate.<\/p><p>Il est donc limitant de pr\u00e9venir ou de traiter le stress par la seule approche psychologique ou \u00e9motionnelle, et cela encore plus pour les personnes qui aiment le stress et les d\u00e9fis.<\/p><p>En s\u2019appuyant sur les fondations sensori-motrices du syst\u00e8me nerveux, en utilisant le corps et le mouvement intentionnel complexe, il est possible de \u00ab muscler \u00bb le syst\u00e8me nerveux pour le rendre moins perm\u00e9able au mauvais stress ou de l\u2019aider \u00e0 r\u00e9cup\u00e9rer tr\u00e8s vite en cas d\u2019\u00e9puisement.<\/p>\t\t\t\t\t\t\t\t<\/div>\n\t\t\t\t\t<\/div>\n\t\t<\/div>\n\t\t\t\t\t<\/div>\n\t\t<\/section>\n\t\t\t\t<section class=\"elementor-section elementor-inner-section elementor-element elementor-element-aa1f230 elementor-section-boxed elementor-section-height-default elementor-section-height-default\" data-id=\"aa1f230\" data-element_type=\"section\" data-e-type=\"section\">\n\t\t\t\t\t\t<div class=\"elementor-container elementor-column-gap-default\">\n\t\t\t\t\t<div class=\"elementor-column elementor-col-100 elementor-inner-column elementor-element elementor-element-0cf337b\" data-id=\"0cf337b\" data-element_type=\"column\" data-e-type=\"column\">\n\t\t\t<div class=\"elementor-widget-wrap elementor-element-populated\">\n\t\t\t\t\t\t<div class=\"elementor-element elementor-element-3686c32 elementor-widget elementor-widget-heading\" data-id=\"3686c32\" data-element_type=\"widget\" data-e-type=\"widget\" data-widget_type=\"heading.default\">\n\t\t\t\t\t<h3 class=\"elementor-heading-title elementor-size-default\">Actistress vs Mauvais stress<\/h3>\t\t\t\t<\/div>\n\t\t\t\t<div class=\"elementor-element elementor-element-6943bea elementor-widget elementor-widget-text-editor\" data-id=\"6943bea\" data-element_type=\"widget\" data-e-type=\"widget\" data-widget_type=\"text-editor.default\">\n\t\t\t\t\t\t\t\t\t<p>La m\u00e9thode Actistress vous apprend \u00e0 activer le bon stress dont le corps et la t\u00eate ont besoin pour faire face confortablement au mauvais stress dans la dur\u00e9e. Cette activation du bon stress n\u00e9cessite de savoir se pr\u00e9parer nerveusement au stress et non de seulement le g\u00e9rer. Le concept de \u00ab RECORPORATION ACTIVE \u00bb cr\u00e9\u00e9 par Lionel Pages co-fondateur d\u2019Actistress vous pr\u00e9pare au stress rapidement en activant le bon stress dans la dur\u00e9e.<\/p>\t\t\t\t\t\t\t\t<\/div>\n\t\t\t\t\t<\/div>\n\t\t<\/div>\n\t\t\t\t\t<\/div>\n\t\t<\/section>\n\t\t\t\t\t<\/div>\n\t\t<\/div>\n\t\t\t\t\t<\/div>\n\t\t<\/section>\n\t\t\t\t<\/div>\n\t\t","protected":false},"excerpt":{"rendered":"<p>Le stress parlons-en ! Sans stress pas de vie Le stress est essentiel \u00e0 la vie. Il est le moteur de l\u2019\u00e9volution et de l\u2019adaptation. Il nous aide \u00e0 passer des caps, \u00e0 faire face , \u00e0 nous d\u00e9passer pour traverser les situations difficiles. Nous n\u2019existerions pas sans lui. En revanche, si le stress est [&hellip;]<\/p>\n","protected":false},"author":1,"featured_media":0,"parent":0,"menu_order":0,"comment_status":"closed","ping_status":"closed","template":"","meta":{"_acf_changed":false,"site-sidebar-layout":"no-sidebar","site-content-layout":"page-builder","ast-site-content-layout":"default","site-content-style":"default","site-sidebar-style":"default","ast-global-header-display":"","ast-banner-title-visibility":"","ast-main-header-display":"","ast-hfb-above-header-display":"","ast-hfb-below-header-display":"","ast-hfb-mobile-header-display":"","site-post-title":"disabled","ast-breadcrumbs-content":"","ast-featured-img":"disabled","footer-sml-layout":"","ast-disable-related-posts":"","theme-transparent-header-meta":"","adv-header-id-meta":"","stick-header-meta":"","header-above-stick-meta":"","header-main-stick-meta":"","header-below-stick-meta":"","astra-migrate-meta-layouts":"default","ast-page-background-enabled":"default","ast-page-background-meta":{"desktop":{"background-color":"","background-image":"","background-repeat":"repeat","background-position":"center center","background-size":"auto","background-attachment":"scroll","background-type":"","background-media":"","overlay-type":"","overlay-color":"","overlay-opacity":"","overlay-gradient":""},"tablet":{"background-color":"","background-image":"","background-repeat":"repeat","background-position":"center center","background-size":"auto","background-attachment":"scroll","background-type":"","background-media":"","overlay-type":"","overlay-color":"","overlay-opacity":"","overlay-gradient":""},"mobile":{"background-color":"","background-image":"","background-repeat":"repeat","background-position":"center center","background-size":"auto","background-attachment":"scroll","background-type":"","background-media":"","overlay-type":"","overlay-color":"","overlay-opacity":"","overlay-gradient":""}},"ast-content-background-meta":{"desktop":{"background-color":"var(--ast-global-color-5)","background-image":"","background-repeat":"repeat","background-position":"center center","background-size":"auto","background-attachment":"scroll","background-type":"","background-media":"","overlay-type":"","overlay-color":"","overlay-opacity":"","overlay-gradient":""},"tablet":{"background-color":"var(--ast-global-color-5)","background-image":"","background-repeat":"repeat","background-position":"center center","background-size":"auto","background-attachment":"scroll","background-type":"","background-media":"","overlay-type":"","overlay-color":"","overlay-opacity":"","overlay-gradient":""},"mobile":{"background-color":"var(--ast-global-color-5)","background-image":"","background-repeat":"repeat","background-position":"center center","background-size":"auto","background-attachment":"scroll","background-type":"","background-media":"","overlay-type":"","overlay-color":"","overlay-opacity":"","overlay-gradient":""}},"footnotes":""},"class_list":["post-4286","page","type-page","status-publish","hentry"],"acf":[],"yoast_head":"<!-- This site is optimized with the Yoast SEO plugin v27.3 - https:\/\/yoast.com\/product\/yoast-seo-wordpress\/ -->\n<title>Le stress parlons-en ! - Actistress : Pr\u00e9vention et Traitement du stress par la m\u00e9thode de la recorporation active<\/title>\n<meta name=\"robots\" content=\"index, follow, max-snippet:-1, max-image-preview:large, max-video-preview:-1\" \/>\n<link rel=\"canonical\" href=\"https:\/\/actistress.com\/fr\/le-stress-parlons-en\/\" \/>\n<meta property=\"og:locale\" content=\"fr_FR\" \/>\n<meta property=\"og:type\" content=\"article\" \/>\n<meta property=\"og:title\" content=\"Le stress parlons-en ! - Actistress : Pr\u00e9vention et Traitement du stress par la m\u00e9thode de la recorporation active\" \/>\n<meta property=\"og:description\" content=\"Le stress parlons-en ! Sans stress pas de vie Le stress est essentiel \u00e0 la vie. Il est le moteur de l\u2019\u00e9volution et de l\u2019adaptation. Il nous aide \u00e0 passer des caps, \u00e0 faire face , \u00e0 nous d\u00e9passer pour traverser les situations difficiles. Nous n\u2019existerions pas sans lui. En revanche, si le stress est [&hellip;]\" \/>\n<meta property=\"og:url\" content=\"https:\/\/actistress.com\/fr\/le-stress-parlons-en\/\" \/>\n<meta property=\"og:site_name\" content=\"Actistress : Pr\u00e9vention et Traitement du stress par la m\u00e9thode de la recorporation active\" \/>\n<meta property=\"article:publisher\" content=\"http:\/\/facebook.com\/actistress\" \/>\n<meta property=\"article:modified_time\" content=\"2023-09-18T17:13:08+00:00\" \/>\n<meta property=\"og:image\" content=\"https:\/\/actistress.com\/wp-content\/uploads\/2020\/06\/pic1.png\" \/>\n<meta name=\"twitter:card\" content=\"summary_large_image\" \/>\n<meta name=\"twitter:site\" content=\"@actistress\" \/>\n<meta name=\"twitter:label1\" content=\"Dur\u00e9e de lecture estim\u00e9e\" \/>\n\t<meta name=\"twitter:data1\" content=\"3 minutes\" \/>\n<script type=\"application\/ld+json\" class=\"yoast-schema-graph\">{\"@context\":\"https:\\\/\\\/schema.org\",\"@graph\":[{\"@type\":\"WebPage\",\"@id\":\"https:\\\/\\\/actistress.com\\\/le-stress-parlons-en\\\/\",\"url\":\"https:\\\/\\\/actistress.com\\\/le-stress-parlons-en\\\/\",\"name\":\"Le stress parlons-en ! - Actistress : Pr\u00e9vention et Traitement du stress par la m\u00e9thode de la recorporation active\",\"isPartOf\":{\"@id\":\"https:\\\/\\\/actistress.com\\\/fr\\\/#website\"},\"primaryImageOfPage\":{\"@id\":\"https:\\\/\\\/actistress.com\\\/le-stress-parlons-en\\\/#primaryimage\"},\"image\":{\"@id\":\"https:\\\/\\\/actistress.com\\\/le-stress-parlons-en\\\/#primaryimage\"},\"thumbnailUrl\":\"https:\\\/\\\/actistress.com\\\/wp-content\\\/uploads\\\/2020\\\/06\\\/pic1.png\",\"datePublished\":\"2022-01-18T10:15:49+00:00\",\"dateModified\":\"2023-09-18T17:13:08+00:00\",\"breadcrumb\":{\"@id\":\"https:\\\/\\\/actistress.com\\\/le-stress-parlons-en\\\/#breadcrumb\"},\"inLanguage\":\"fr-FR\",\"potentialAction\":[{\"@type\":\"ReadAction\",\"target\":[\"https:\\\/\\\/actistress.com\\\/le-stress-parlons-en\\\/\"]}]},{\"@type\":\"ImageObject\",\"inLanguage\":\"fr-FR\",\"@id\":\"https:\\\/\\\/actistress.com\\\/le-stress-parlons-en\\\/#primaryimage\",\"url\":\"https:\\\/\\\/actistress.com\\\/wp-content\\\/uploads\\\/2020\\\/06\\\/pic1.png\",\"contentUrl\":\"https:\\\/\\\/actistress.com\\\/wp-content\\\/uploads\\\/2020\\\/06\\\/pic1.png\"},{\"@type\":\"BreadcrumbList\",\"@id\":\"https:\\\/\\\/actistress.com\\\/le-stress-parlons-en\\\/#breadcrumb\",\"itemListElement\":[{\"@type\":\"ListItem\",\"position\":1,\"name\":\"Accueil\",\"item\":\"https:\\\/\\\/actistress.com\\\/\"},{\"@type\":\"ListItem\",\"position\":2,\"name\":\"Le stress parlons-en !\"}]},{\"@type\":\"WebSite\",\"@id\":\"https:\\\/\\\/actistress.com\\\/fr\\\/#website\",\"url\":\"https:\\\/\\\/actistress.com\\\/fr\\\/\",\"name\":\"Actistress : Pr\u00e9vention et Traitement du stress par la m\u00e9thode de la recorporation active\",\"description\":\"\",\"publisher\":{\"@id\":\"https:\\\/\\\/actistress.com\\\/fr\\\/#organization\"},\"potentialAction\":[{\"@type\":\"SearchAction\",\"target\":{\"@type\":\"EntryPoint\",\"urlTemplate\":\"https:\\\/\\\/actistress.com\\\/fr\\\/?s={search_term_string}\"},\"query-input\":{\"@type\":\"PropertyValueSpecification\",\"valueRequired\":true,\"valueName\":\"search_term_string\"}}],\"inLanguage\":\"fr-FR\"},{\"@type\":\"Organization\",\"@id\":\"https:\\\/\\\/actistress.com\\\/fr\\\/#organization\",\"name\":\"Actistress\",\"url\":\"https:\\\/\\\/actistress.com\\\/fr\\\/\",\"logo\":{\"@type\":\"ImageObject\",\"inLanguage\":\"fr-FR\",\"@id\":\"https:\\\/\\\/actistress.com\\\/fr\\\/#\\\/schema\\\/logo\\\/image\\\/\",\"url\":\"https:\\\/\\\/actistress.com\\\/wp-content\\\/uploads\\\/2020\\\/06\\\/logo-1.png\",\"contentUrl\":\"https:\\\/\\\/actistress.com\\\/wp-content\\\/uploads\\\/2020\\\/06\\\/logo-1.png\",\"width\":1428,\"height\":781,\"caption\":\"Actistress\"},\"image\":{\"@id\":\"https:\\\/\\\/actistress.com\\\/fr\\\/#\\\/schema\\\/logo\\\/image\\\/\"},\"sameAs\":[\"http:\\\/\\\/facebook.com\\\/actistress\",\"https:\\\/\\\/x.com\\\/actistress\",\"http:\\\/\\\/instagram.com\\\/actistress\",\"http:\\\/\\\/linkedin.com\\\/company\\\/actistress\",\"https:\\\/\\\/www.youtube.com\\\/channel\\\/UCyQTHYldyX9uD0QpLdyk0ag\"]}]}<\/script>\n<!-- \/ Yoast SEO plugin. -->","yoast_head_json":{"title":"Le stress parlons-en ! - Actistress : Pr\u00e9vention et Traitement du stress par la m\u00e9thode de la recorporation active","robots":{"index":"index","follow":"follow","max-snippet":"max-snippet:-1","max-image-preview":"max-image-preview:large","max-video-preview":"max-video-preview:-1"},"canonical":"https:\/\/actistress.com\/fr\/le-stress-parlons-en\/","og_locale":"fr_FR","og_type":"article","og_title":"Le stress parlons-en ! - Actistress : Pr\u00e9vention et Traitement du stress par la m\u00e9thode de la recorporation active","og_description":"Le stress parlons-en ! Sans stress pas de vie Le stress est essentiel \u00e0 la vie. Il est le moteur de l\u2019\u00e9volution et de l\u2019adaptation. Il nous aide \u00e0 passer des caps, \u00e0 faire face , \u00e0 nous d\u00e9passer pour traverser les situations difficiles. Nous n\u2019existerions pas sans lui. En revanche, si le stress est [&hellip;]","og_url":"https:\/\/actistress.com\/fr\/le-stress-parlons-en\/","og_site_name":"Actistress : Pr\u00e9vention et Traitement du stress par la m\u00e9thode de la recorporation active","article_publisher":"http:\/\/facebook.com\/actistress","article_modified_time":"2023-09-18T17:13:08+00:00","og_image":[{"url":"https:\/\/actistress.com\/wp-content\/uploads\/2020\/06\/pic1.png","type":"","width":"","height":""}],"twitter_card":"summary_large_image","twitter_site":"@actistress","twitter_misc":{"Dur\u00e9e de lecture estim\u00e9e":"3 minutes"},"schema":{"@context":"https:\/\/schema.org","@graph":[{"@type":"WebPage","@id":"https:\/\/actistress.com\/le-stress-parlons-en\/","url":"https:\/\/actistress.com\/le-stress-parlons-en\/","name":"Le stress parlons-en ! - Actistress : Pr\u00e9vention et Traitement du stress par la m\u00e9thode de la recorporation active","isPartOf":{"@id":"https:\/\/actistress.com\/fr\/#website"},"primaryImageOfPage":{"@id":"https:\/\/actistress.com\/le-stress-parlons-en\/#primaryimage"},"image":{"@id":"https:\/\/actistress.com\/le-stress-parlons-en\/#primaryimage"},"thumbnailUrl":"https:\/\/actistress.com\/wp-content\/uploads\/2020\/06\/pic1.png","datePublished":"2022-01-18T10:15:49+00:00","dateModified":"2023-09-18T17:13:08+00:00","breadcrumb":{"@id":"https:\/\/actistress.com\/le-stress-parlons-en\/#breadcrumb"},"inLanguage":"fr-FR","potentialAction":[{"@type":"ReadAction","target":["https:\/\/actistress.com\/le-stress-parlons-en\/"]}]},{"@type":"ImageObject","inLanguage":"fr-FR","@id":"https:\/\/actistress.com\/le-stress-parlons-en\/#primaryimage","url":"https:\/\/actistress.com\/wp-content\/uploads\/2020\/06\/pic1.png","contentUrl":"https:\/\/actistress.com\/wp-content\/uploads\/2020\/06\/pic1.png"},{"@type":"BreadcrumbList","@id":"https:\/\/actistress.com\/le-stress-parlons-en\/#breadcrumb","itemListElement":[{"@type":"ListItem","position":1,"name":"Accueil","item":"https:\/\/actistress.com\/"},{"@type":"ListItem","position":2,"name":"Le stress parlons-en !"}]},{"@type":"WebSite","@id":"https:\/\/actistress.com\/fr\/#website","url":"https:\/\/actistress.com\/fr\/","name":"Actistress : Pr\u00e9vention et Traitement du stress par la m\u00e9thode de la recorporation active","description":"","publisher":{"@id":"https:\/\/actistress.com\/fr\/#organization"},"potentialAction":[{"@type":"SearchAction","target":{"@type":"EntryPoint","urlTemplate":"https:\/\/actistress.com\/fr\/?s={search_term_string}"},"query-input":{"@type":"PropertyValueSpecification","valueRequired":true,"valueName":"search_term_string"}}],"inLanguage":"fr-FR"},{"@type":"Organization","@id":"https:\/\/actistress.com\/fr\/#organization","name":"Actistress","url":"https:\/\/actistress.com\/fr\/","logo":{"@type":"ImageObject","inLanguage":"fr-FR","@id":"https:\/\/actistress.com\/fr\/#\/schema\/logo\/image\/","url":"https:\/\/actistress.com\/wp-content\/uploads\/2020\/06\/logo-1.png","contentUrl":"https:\/\/actistress.com\/wp-content\/uploads\/2020\/06\/logo-1.png","width":1428,"height":781,"caption":"Actistress"},"image":{"@id":"https:\/\/actistress.com\/fr\/#\/schema\/logo\/image\/"},"sameAs":["http:\/\/facebook.com\/actistress","https:\/\/x.com\/actistress","http:\/\/instagram.com\/actistress","http:\/\/linkedin.com\/company\/actistress","https:\/\/www.youtube.com\/channel\/UCyQTHYldyX9uD0QpLdyk0ag"]}]}},"_links":{"self":[{"href":"https:\/\/actistress.com\/fr\/wp-json\/wp\/v2\/pages\/4286","targetHints":{"allow":["GET"]}}],"collection":[{"href":"https:\/\/actistress.com\/fr\/wp-json\/wp\/v2\/pages"}],"about":[{"href":"https:\/\/actistress.com\/fr\/wp-json\/wp\/v2\/types\/page"}],"author":[{"embeddable":true,"href":"https:\/\/actistress.com\/fr\/wp-json\/wp\/v2\/users\/1"}],"replies":[{"embeddable":true,"href":"https:\/\/actistress.com\/fr\/wp-json\/wp\/v2\/comments?post=4286"}],"version-history":[{"count":0,"href":"https:\/\/actistress.com\/fr\/wp-json\/wp\/v2\/pages\/4286\/revisions"}],"wp:attachment":[{"href":"https:\/\/actistress.com\/fr\/wp-json\/wp\/v2\/media?parent=4286"}],"curies":[{"name":"wp","href":"https:\/\/api.w.org\/{rel}","templated":true}]}}