{"id":4135,"date":"2022-01-18T09:31:56","date_gmt":"2022-01-18T08:31:56","guid":{"rendered":"https:\/\/actistress.com\/?page_id=4135"},"modified":"2025-10-30T17:27:51","modified_gmt":"2025-10-30T16:27:51","slug":"temoignages","status":"publish","type":"page","link":"https:\/\/actistress.com\/fr\/nous-decouvrir\/temoignages\/","title":{"rendered":"T\u00e9moignages"},"content":{"rendered":"\t\t<div data-elementor-type=\"wp-page\" data-elementor-id=\"4135\" class=\"elementor elementor-4135\">\n\t\t\t\t\t\t<section class=\"elementor-section elementor-top-section elementor-element elementor-element-1dec92b elementor-section-content-middle elementor-reverse-mobile elementor-section-boxed elementor-section-height-default elementor-section-height-default\" data-id=\"1dec92b\" data-element_type=\"section\" data-e-type=\"section\" data-settings=\"{&quot;background_background&quot;:&quot;classic&quot;}\">\n\t\t\t\t\t\t\t<div class=\"elementor-background-overlay\"><\/div>\n\t\t\t\t\t\t\t<div class=\"elementor-container elementor-column-gap-extended\">\n\t\t\t\t\t<div class=\"elementor-column elementor-col-100 elementor-top-column elementor-element elementor-element-0aee531\" data-id=\"0aee531\" data-element_type=\"column\" data-e-type=\"column\">\n\t\t\t<div class=\"elementor-widget-wrap\">\n\t\t\t\t\t\t\t<\/div>\n\t\t<\/div>\n\t\t\t\t\t<\/div>\n\t\t<\/section>\n\t\t<div class=\"elementor-element elementor-element-6cd309f e-flex e-con-boxed e-con e-parent\" data-id=\"6cd309f\" data-element_type=\"container\" data-e-type=\"container\">\n\t\t\t\t\t<div class=\"e-con-inner\">\n\t\t<div class=\"elementor-element elementor-element-7145cd8 e-flex e-con-boxed e-con e-child\" data-id=\"7145cd8\" data-element_type=\"container\" data-e-type=\"container\" data-settings=\"{&quot;background_background&quot;:&quot;classic&quot;}\">\n\t\t\t\t\t<div class=\"e-con-inner\">\n\t\t\t\t<div class=\"elementor-element elementor-element-7f926ec elementor-widget__width-inherit elementor-absolute elementor-widget elementor-widget-image\" data-id=\"7f926ec\" data-element_type=\"widget\" data-e-type=\"widget\" data-settings=\"{&quot;_position&quot;:&quot;absolute&quot;}\" data-widget_type=\"image.default\">\n\t\t\t\t\t\t\t\t\t\t\t\t\t\t\t<img decoding=\"async\" width=\"65\" height=\"90\" src=\"https:\/\/actistress.com\/wp-content\/uploads\/2024\/03\/punaise-1.png\" class=\"attachment-medium size-medium wp-image-8505\" alt=\"\" srcset=\"https:\/\/actistress.com\/wp-content\/uploads\/2024\/03\/punaise-1.png 65w, https:\/\/actistress.com\/wp-content\/uploads\/2024\/03\/punaise-1-9x12.png 9w\" sizes=\"(max-width: 65px) 100vw, 65px\" \/>\t\t\t\t\t\t\t\t\t\t\t\t\t\t\t<\/div>\n\t\t<div class=\"elementor-element elementor-element-a9dd2d4 e-con-full e-flex e-con e-child\" data-id=\"a9dd2d4\" data-element_type=\"container\" data-e-type=\"container\">\n\t\t\t\t<div class=\"elementor-element elementor-element-3493c1c elementor-widget elementor-widget-heading\" data-id=\"3493c1c\" data-element_type=\"widget\" data-e-type=\"widget\" data-widget_type=\"heading.default\">\n\t\t\t\t\t<h1 class=\"elementor-heading-title elementor-size-default\">T\u00e9moignages<\/h1>\t\t\t\t<\/div>\n\t\t\t\t<\/div>\n\t\t<div class=\"elementor-element elementor-element-b52db25 e-con-full e-flex e-con e-child\" data-id=\"b52db25\" data-element_type=\"container\" data-e-type=\"container\">\n\t\t\t\t<div class=\"elementor-element elementor-element-6b2da5d elementor-widget__width-initial elementor-absolute elementor-hidden-mobile elementor-widget elementor-widget-image\" data-id=\"6b2da5d\" data-element_type=\"widget\" data-e-type=\"widget\" data-settings=\"{&quot;_position&quot;:&quot;absolute&quot;}\" data-widget_type=\"image.default\">\n\t\t\t\t\t\t\t\t\t\t\t\t\t\t\t<img fetchpriority=\"high\" decoding=\"async\" width=\"624\" height=\"626\" src=\"https:\/\/actistress.com\/wp-content\/uploads\/2024\/04\/ligne.png\" class=\"attachment-large size-large wp-image-8760\" alt=\"\" srcset=\"https:\/\/actistress.com\/wp-content\/uploads\/2024\/04\/ligne.png 624w, https:\/\/actistress.com\/wp-content\/uploads\/2024\/04\/ligne-300x300.png 300w, https:\/\/actistress.com\/wp-content\/uploads\/2024\/04\/ligne-150x150.png 150w, https:\/\/actistress.com\/wp-content\/uploads\/2024\/04\/ligne-12x12.png 12w\" sizes=\"(max-width: 624px) 100vw, 624px\" \/>\t\t\t\t\t\t\t\t\t\t\t\t\t\t\t<\/div>\n\t\t\t\t<\/div>\n\t\t<div class=\"elementor-element elementor-element-4f96ed2 e-flex e-con-boxed e-con e-child\" data-id=\"4f96ed2\" data-element_type=\"container\" data-e-type=\"container\">\n\t\t\t\t\t<div class=\"e-con-inner\">\n\t\t\t\t<div class=\"elementor-element elementor-element-25ec6a0 elementor-widget elementor-widget-image\" data-id=\"25ec6a0\" data-element_type=\"widget\" data-e-type=\"widget\" data-widget_type=\"image.default\">\n\t\t\t\t\t\t\t\t\t\t\t\t\t\t\t<img decoding=\"async\" width=\"748\" height=\"317\" src=\"https:\/\/actistress.com\/wp-content\/uploads\/2025\/10\/logo-actistress.png\" class=\"attachment-medium_large size-medium_large wp-image-9925\" alt=\"\" srcset=\"https:\/\/actistress.com\/wp-content\/uploads\/2025\/10\/logo-actistress.png 748w, https:\/\/actistress.com\/wp-content\/uploads\/2025\/10\/logo-actistress-300x127.png 300w, https:\/\/actistress.com\/wp-content\/uploads\/2025\/10\/logo-actistress-18x8.png 18w\" sizes=\"(max-width: 748px) 100vw, 748px\" \/>\t\t\t\t\t\t\t\t\t\t\t\t\t\t\t<\/div>\n\t\t\t\t\t<\/div>\n\t\t\t\t<\/div>\n\t\t\t\t\t<\/div>\n\t\t\t\t<\/div>\n\t\t\t\t\t<\/div>\n\t\t\t\t<\/div>\n\t\t<div class=\"elementor-element elementor-element-9e7c72d e-flex e-con-boxed e-con e-parent\" data-id=\"9e7c72d\" data-element_type=\"container\" data-e-type=\"container\">\n\t\t\t\t\t<div class=\"e-con-inner\">\n\t\t\t\t<div class=\"elementor-element elementor-element-d2552bb elementor-widget elementor-widget-accordion\" data-id=\"d2552bb\" data-element_type=\"widget\" data-e-type=\"widget\" data-widget_type=\"accordion.default\">\n\t\t\t\t\t\t\t<div class=\"elementor-accordion\">\n\t\t\t\t\t\t\t<div class=\"elementor-accordion-item\">\n\t\t\t\t\t<h3 id=\"elementor-tab-title-2201\" class=\"elementor-tab-title\" data-tab=\"1\" role=\"button\" aria-controls=\"elementor-tab-content-2201\" aria-expanded=\"false\">\n\t\t\t\t\t\t\t\t\t\t\t\t\t<span class=\"elementor-accordion-icon elementor-accordion-icon-left\" aria-hidden=\"true\">\n\t\t\t\t\t\t\t\t\t\t\t\t\t\t\t<span class=\"elementor-accordion-icon-closed\"><i class=\"fas fa-chevron-down\"><\/i><\/span>\n\t\t\t\t\t\t\t\t<span class=\"elementor-accordion-icon-opened\"><i class=\"fas fa-chevron-up\"><\/i><\/span>\n\t\t\t\t\t\t\t\t\t\t\t\t\t\t<\/span>\n\t\t\t\t\t\t\t\t\t\t\t\t<a class=\"elementor-accordion-title\" tabindex=\"0\">T\u00e9moignages<\/a>\n\t\t\t\t\t<\/h3>\n\t\t\t\t\t<div id=\"elementor-tab-content-2201\" class=\"elementor-tab-content elementor-clearfix\" data-tab=\"1\" role=\"region\" aria-labelledby=\"elementor-tab-title-2201\"><div style=\"text-align: center; padding: 20px; border-bottom: 1px solid #c8c8c8;\"><p>Nous avons fait appel \u00e0 Actistress pour introduire de nouvelles fa\u00e7ons de traiter le stress et l&rsquo;\u00e9puisement professionnels.<br \/>Cette nouvelle voie de compr\u00e9hension apport\u00e9e par les sp\u00e9cialistes de Actistress a ainsi permis aux collaborateurs de mieux se conna\u00eetre, d&rsquo;\u00e9couter leur corps, de mieux g\u00e9rer leur qualit\u00e9 de vie. En renfor\u00e7ant cette connaissance de soi, nos collaborateurs ont acquis des cl\u00e9s de compr\u00e9hension pour travailler leur \u00e9nergie, leur performance globale.<br \/>Souvent bas\u00e9 sur le volontariat, les sessions collectives de SANTE DURABLE permettent de partager des questions, des situations, des objectifs et des bonnes pratiques.<br \/>Nous avons \u00e9galement d\u00e9velopper avec Actistress d&rsquo;autres modes de suivi individuel ou collectif pour soutenir les managers et leurs \u00e9quipes vers un objectif commun ou bien en s\u00e9ances de r\u00e9cup\u00e9ration apr\u00e8s un temps d&rsquo;investissement soutenu.<br \/>Le pr\u00e9ventif doit pr\u00e9valoir sur le curatif. Et c&rsquo;est bien en sensibilisant les collaborateurs sur l&rsquo;importance de pr\u00e9server leur sant\u00e9 que nous contribuerons \u00e0 une performance durable.<\/p><p><i><b>Catherine Boban<br \/>Pilote la politique Ressources Humaines d&rsquo;une unit\u00e9 op\u00e9rationnelle leader chez Bouygues B\u00e2timent \u00cele de France<br \/><\/b><\/i><\/p><\/div><div style=\"text-align: center; padding: 20px; border-bottom: 1px solid #c8c8c8;\"><p>Nous travaillons avec Actistress depuis presque 2 ans maintenant.<br \/>Nous organisons des sessions de la Formation Sant\u00e9 durable une fois par trimestre chez Bouygues B\u00e2timent Ile de France. Cette formation hors du commun est une v\u00e9ritable prise de conscience qui a permis \u00e0 de nombreux collaborateurs d\u2019adopter un mode de vie plus sain et de mani\u00e8re durable. Succ\u00e8s assur\u00e9 !<br \/>Nous mettons \u00e9galement en place des formats diff\u00e9rents : conf\u00e9rence devant un large public ou rencontre en plus petit groupe, Lionel sait s\u2019adapter \u00e0 tout type de public. Les contenus des interventions sont travaill\u00e9s avec l\u2019entreprise pour coller aux valeurs et fondamentaux de la structure.<br \/>Et pour aller plus loin, certains choisissent \u00e0 titre personnel de b\u00e9n\u00e9ficier de consultations dans les locaux de Actistress.<\/p><p><i><b>Virginie ALIX<br \/>Responsable D\u00e9veloppement RH chez BOUYGUES BATIMENT FRANCE<\/b><\/i><\/p><\/div><div style=\"text-align: center; padding: 20px; border-bottom: 1px solid #c8c8c8;\"><p>Nous travaillons avec Actistress depuis Octobre 2016.<br \/>Nous avons \u00e9labor\u00e9 avec Actistress une formation sp\u00e9cifiquement d\u00e9di\u00e9e \u00e0 nos m\u00e9tiers \u00e0 tr\u00e8s fort niveau d\u2019exigence et d\u2019engagement sur le th\u00e8me de la \u00ab performance durable \u00bb.<br \/>Nous avons form\u00e9 plus d\u2019une cinquantaine de consultants et cette formation fait \u00e0 pr\u00e9sent r\u00e9f\u00e9rence au sein de notre entreprise en \u00e9tant inscrite \u00e0 notre catalogue de formation.<br \/>Les consultants ayant suivi cette formation ont tous fait \u00e9voluer sensiblement leur comportement et deviennent eux-m\u00eames promoteurs d\u2019un mode de vie plus vertueux pour une meilleure performance en environnement professionnel.<\/p><p><i><b>Olivier Reisse<br \/>Associ\u00e9 et membre du Comex Weave\/ Onepoint<br \/><\/b><\/i><\/p><\/div><div style=\"text-align: center; padding: 20px; border-bottom: 1px solid #c8c8c8;\"><p>Il y a maintenant 5 ans que j&rsquo;ai fait la connaissance Monsieur Lionel Pages et du centre Actistress. J&rsquo;\u00e9tais alors en charge de la direction de plusieurs usines de production en France pour un groupe international, et mon rythme de travail \u00e9tait intense. La charge de travail, la pression des objectifs et des r\u00e9sultats \u00e9taient tels que j&rsquo;avais besoin d&rsquo;\u00eatre soutenu dans ma performance et de r\u00e9cup\u00e9rer plus vite.<br \/>C&rsquo;est sur la recommandation de mon PDG et du DRH de l&rsquo;\u00e9poque que j&rsquo;ai fait la connaissance de Lionel Pages. J\u2019ai donc b\u00e9n\u00e9fici\u00e9 de soins sp\u00e9cifiques, de conseils adapt\u00e9s dans un objectif de r\u00e9sultat rapide mais s&rsquo;inscrivant dans la dur\u00e9e. J\u2019ai retrouv\u00e9 une vitalit\u00e9 forte tr\u00e8s rapidement. Mieux ! 5 ans apr\u00e8s j&rsquo;applique toujours et plus que jamais les conseils prodigu\u00e9s y compris sur des aspects de vie plus \u00ab\u00a0personnels\u00a0\u00bb.<br \/>Ces 4 semaines avec Actistress ont chang\u00e9 ma mani\u00e8re d&rsquo;aborder les \u00e9l\u00e9ments stressants de la vie, ma gestion de l&rsquo;effort et de ma r\u00e9cup\u00e9ration et ont augment\u00e9 mes capacit\u00e9s de travail. Je suis toujours en contact avec Lionel Pages et son \u00e9quipe et il m&rsquo;arrive encore d&rsquo;aller le voir quand j\u00a0\u00bbai besoin de me redynamiser.<br \/>Actistress est un centre de soins qui m&rsquo;a accueilli chaleureusement et qui a toujours \u00e9t\u00e9 tr\u00e8s \u00e0 l&rsquo;\u00e9coute.<\/p><p><i><b>Alain LEBRETON<br \/>Directeur commercial r\u00e9gional chez Rentokil Initial France<\/b><\/i><\/p><\/div><\/div>\n\t\t\t\t<\/div>\n\t\t\t\t\t\t\t\t<\/div>\n\t\t\t\t\t\t<\/div>\n\t\t\t\t\t<\/div>\n\t\t\t\t<\/div>\n\t\t\t\t<\/div>\n\t\t","protected":false},"excerpt":{"rendered":"<p>T\u00e9moignages T\u00e9moignages Nous avons fait appel \u00e0 Actistress pour introduire de nouvelles fa\u00e7ons de traiter le stress et l&rsquo;\u00e9puisement professionnels.Cette nouvelle voie de compr\u00e9hension apport\u00e9e par les sp\u00e9cialistes de Actistress a ainsi permis aux collaborateurs de mieux se conna\u00eetre, d&rsquo;\u00e9couter leur corps, de mieux g\u00e9rer leur qualit\u00e9 de vie. En renfor\u00e7ant cette connaissance de soi, [&hellip;]<\/p>\n","protected":false},"author":1,"featured_media":0,"parent":9615,"menu_order":0,"comment_status":"closed","ping_status":"closed","template":"","meta":{"_acf_changed":false,"site-sidebar-layout":"no-sidebar","site-content-layout":"page-builder","ast-site-content-layout":"full-width-container","site-content-style":"unboxed","site-sidebar-style":"unboxed","ast-global-header-display":"","ast-banner-title-visibility":"","ast-main-header-display":"","ast-hfb-above-header-display":"","ast-hfb-below-header-display":"","ast-hfb-mobile-header-display":"","site-post-title":"disabled","ast-breadcrumbs-content":"","ast-featured-img":"disabled","footer-sml-layout":"","ast-disable-related-posts":"","theme-transparent-header-meta":"","adv-header-id-meta":"","stick-header-meta":"","header-above-stick-meta":"","header-main-stick-meta":"","header-below-stick-meta":"","astra-migrate-meta-layouts":"set","ast-page-background-enabled":"default","ast-page-background-meta":{"desktop":{"background-color":"","background-image":"","background-repeat":"repeat","background-position":"center center","background-size":"auto","background-attachment":"scroll","background-type":"","background-media":"","overlay-type":"","overlay-color":"","overlay-opacity":"","overlay-gradient":""},"tablet":{"background-color":"","background-image":"","background-repeat":"repeat","background-position":"center center","background-size":"auto","background-attachment":"scroll","background-type":"","background-media":"","overlay-type":"","overlay-color":"","overlay-opacity":"","overlay-gradient":""},"mobile":{"background-color":"","background-image":"","background-repeat":"repeat","background-position":"center center","background-size":"auto","background-attachment":"scroll","background-type":"","background-media":"","overlay-type":"","overlay-color":"","overlay-opacity":"","overlay-gradient":""}},"ast-content-background-meta":{"desktop":{"background-color":"var(--ast-global-color-5)","background-image":"","background-repeat":"repeat","background-position":"center center","background-size":"auto","background-attachment":"scroll","background-type":"","background-media":"","overlay-type":"","overlay-color":"","overlay-opacity":"","overlay-gradient":""},"tablet":{"background-color":"var(--ast-global-color-5)","background-image":"","background-repeat":"repeat","background-position":"center center","background-size":"auto","background-attachment":"scroll","background-type":"","background-media":"","overlay-type":"","overlay-color":"","overlay-opacity":"","overlay-gradient":""},"mobile":{"background-color":"var(--ast-global-color-5)","background-image":"","background-repeat":"repeat","background-position":"center center","background-size":"auto","background-attachment":"scroll","background-type":"","background-media":"","overlay-type":"","overlay-color":"","overlay-opacity":"","overlay-gradient":""}},"footnotes":""},"class_list":["post-4135","page","type-page","status-publish","hentry"],"acf":[],"yoast_head":"<!-- This site is optimized with the Yoast SEO plugin v27.3 - https:\/\/yoast.com\/product\/yoast-seo-wordpress\/ -->\n<title>T\u00e9moignages - Actistress : Pr\u00e9vention et Traitement du stress par la m\u00e9thode de la recorporation active<\/title>\n<meta name=\"robots\" content=\"index, follow, max-snippet:-1, max-image-preview:large, max-video-preview:-1\" \/>\n<link rel=\"canonical\" href=\"https:\/\/actistress.com\/fr\/nous-decouvrir\/temoignages\/\" \/>\n<meta property=\"og:locale\" content=\"fr_FR\" \/>\n<meta property=\"og:type\" content=\"article\" \/>\n<meta property=\"og:title\" content=\"T\u00e9moignages - Actistress : Pr\u00e9vention et Traitement du stress par la m\u00e9thode de la recorporation active\" \/>\n<meta property=\"og:description\" content=\"T\u00e9moignages T\u00e9moignages Nous avons fait appel \u00e0 Actistress pour introduire de nouvelles fa\u00e7ons de traiter le stress et l&rsquo;\u00e9puisement professionnels.Cette nouvelle voie de compr\u00e9hension apport\u00e9e par les sp\u00e9cialistes de Actistress a ainsi permis aux collaborateurs de mieux se conna\u00eetre, d&rsquo;\u00e9couter leur corps, de mieux g\u00e9rer leur qualit\u00e9 de vie. En renfor\u00e7ant cette connaissance de soi, [&hellip;]\" \/>\n<meta property=\"og:url\" content=\"https:\/\/actistress.com\/fr\/nous-decouvrir\/temoignages\/\" \/>\n<meta property=\"og:site_name\" content=\"Actistress : Pr\u00e9vention et Traitement du stress par la m\u00e9thode de la recorporation active\" \/>\n<meta property=\"article:publisher\" content=\"http:\/\/facebook.com\/actistress\" \/>\n<meta property=\"article:modified_time\" content=\"2025-10-30T16:27:51+00:00\" \/>\n<meta property=\"og:image\" content=\"https:\/\/actistress.com\/wp-content\/uploads\/2024\/03\/punaise-1.png\" \/>\n\t<meta property=\"og:image:width\" content=\"65\" \/>\n\t<meta property=\"og:image:height\" content=\"90\" \/>\n\t<meta property=\"og:image:type\" content=\"image\/png\" \/>\n<meta name=\"twitter:card\" content=\"summary_large_image\" \/>\n<meta name=\"twitter:site\" content=\"@actistress\" \/>\n<meta name=\"twitter:label1\" content=\"Dur\u00e9e de lecture estim\u00e9e\" \/>\n\t<meta name=\"twitter:data1\" content=\"4 minutes\" \/>\n<script type=\"application\/ld+json\" class=\"yoast-schema-graph\">{\"@context\":\"https:\\\/\\\/schema.org\",\"@graph\":[{\"@type\":\"WebPage\",\"@id\":\"https:\\\/\\\/actistress.com\\\/nous-decouvrir\\\/temoignages\\\/\",\"url\":\"https:\\\/\\\/actistress.com\\\/nous-decouvrir\\\/temoignages\\\/\",\"name\":\"T\u00e9moignages - Actistress : Pr\u00e9vention et Traitement du stress par la m\u00e9thode de la recorporation active\",\"isPartOf\":{\"@id\":\"https:\\\/\\\/actistress.com\\\/fr\\\/#website\"},\"primaryImageOfPage\":{\"@id\":\"https:\\\/\\\/actistress.com\\\/nous-decouvrir\\\/temoignages\\\/#primaryimage\"},\"image\":{\"@id\":\"https:\\\/\\\/actistress.com\\\/nous-decouvrir\\\/temoignages\\\/#primaryimage\"},\"thumbnailUrl\":\"https:\\\/\\\/actistress.com\\\/wp-content\\\/uploads\\\/2024\\\/03\\\/punaise-1.png\",\"datePublished\":\"2022-01-18T08:31:56+00:00\",\"dateModified\":\"2025-10-30T16:27:51+00:00\",\"breadcrumb\":{\"@id\":\"https:\\\/\\\/actistress.com\\\/nous-decouvrir\\\/temoignages\\\/#breadcrumb\"},\"inLanguage\":\"fr-FR\",\"potentialAction\":[{\"@type\":\"ReadAction\",\"target\":[\"https:\\\/\\\/actistress.com\\\/nous-decouvrir\\\/temoignages\\\/\"]}]},{\"@type\":\"ImageObject\",\"inLanguage\":\"fr-FR\",\"@id\":\"https:\\\/\\\/actistress.com\\\/nous-decouvrir\\\/temoignages\\\/#primaryimage\",\"url\":\"https:\\\/\\\/actistress.com\\\/wp-content\\\/uploads\\\/2024\\\/03\\\/punaise-1.png\",\"contentUrl\":\"https:\\\/\\\/actistress.com\\\/wp-content\\\/uploads\\\/2024\\\/03\\\/punaise-1.png\"},{\"@type\":\"BreadcrumbList\",\"@id\":\"https:\\\/\\\/actistress.com\\\/nous-decouvrir\\\/temoignages\\\/#breadcrumb\",\"itemListElement\":[{\"@type\":\"ListItem\",\"position\":1,\"name\":\"Accueil\",\"item\":\"https:\\\/\\\/actistress.com\\\/\"},{\"@type\":\"ListItem\",\"position\":2,\"name\":\"Nous d\u00e9couvrir\",\"item\":\"https:\\\/\\\/actistress.com\\\/nous-decouvrir\\\/\"},{\"@type\":\"ListItem\",\"position\":3,\"name\":\"T\u00e9moignages\"}]},{\"@type\":\"WebSite\",\"@id\":\"https:\\\/\\\/actistress.com\\\/fr\\\/#website\",\"url\":\"https:\\\/\\\/actistress.com\\\/fr\\\/\",\"name\":\"Actistress : Pr\u00e9vention et Traitement du stress par la m\u00e9thode de la recorporation active\",\"description\":\"\",\"publisher\":{\"@id\":\"https:\\\/\\\/actistress.com\\\/fr\\\/#organization\"},\"potentialAction\":[{\"@type\":\"SearchAction\",\"target\":{\"@type\":\"EntryPoint\",\"urlTemplate\":\"https:\\\/\\\/actistress.com\\\/fr\\\/?s={search_term_string}\"},\"query-input\":{\"@type\":\"PropertyValueSpecification\",\"valueRequired\":true,\"valueName\":\"search_term_string\"}}],\"inLanguage\":\"fr-FR\"},{\"@type\":\"Organization\",\"@id\":\"https:\\\/\\\/actistress.com\\\/fr\\\/#organization\",\"name\":\"Actistress\",\"url\":\"https:\\\/\\\/actistress.com\\\/fr\\\/\",\"logo\":{\"@type\":\"ImageObject\",\"inLanguage\":\"fr-FR\",\"@id\":\"https:\\\/\\\/actistress.com\\\/fr\\\/#\\\/schema\\\/logo\\\/image\\\/\",\"url\":\"https:\\\/\\\/actistress.com\\\/wp-content\\\/uploads\\\/2020\\\/06\\\/logo-1.png\",\"contentUrl\":\"https:\\\/\\\/actistress.com\\\/wp-content\\\/uploads\\\/2020\\\/06\\\/logo-1.png\",\"width\":1428,\"height\":781,\"caption\":\"Actistress\"},\"image\":{\"@id\":\"https:\\\/\\\/actistress.com\\\/fr\\\/#\\\/schema\\\/logo\\\/image\\\/\"},\"sameAs\":[\"http:\\\/\\\/facebook.com\\\/actistress\",\"https:\\\/\\\/x.com\\\/actistress\",\"http:\\\/\\\/instagram.com\\\/actistress\",\"http:\\\/\\\/linkedin.com\\\/company\\\/actistress\",\"https:\\\/\\\/www.youtube.com\\\/channel\\\/UCyQTHYldyX9uD0QpLdyk0ag\"]}]}<\/script>\n<!-- \/ Yoast SEO plugin. -->","yoast_head_json":{"title":"T\u00e9moignages - Actistress : Pr\u00e9vention et Traitement du stress par la m\u00e9thode de la recorporation active","robots":{"index":"index","follow":"follow","max-snippet":"max-snippet:-1","max-image-preview":"max-image-preview:large","max-video-preview":"max-video-preview:-1"},"canonical":"https:\/\/actistress.com\/fr\/nous-decouvrir\/temoignages\/","og_locale":"fr_FR","og_type":"article","og_title":"T\u00e9moignages - Actistress : Pr\u00e9vention et Traitement du stress par la m\u00e9thode de la recorporation active","og_description":"T\u00e9moignages T\u00e9moignages Nous avons fait appel \u00e0 Actistress pour introduire de nouvelles fa\u00e7ons de traiter le stress et l&rsquo;\u00e9puisement professionnels.Cette nouvelle voie de compr\u00e9hension apport\u00e9e par les sp\u00e9cialistes de Actistress a ainsi permis aux collaborateurs de mieux se conna\u00eetre, d&rsquo;\u00e9couter leur corps, de mieux g\u00e9rer leur qualit\u00e9 de vie. En renfor\u00e7ant cette connaissance de soi, [&hellip;]","og_url":"https:\/\/actistress.com\/fr\/nous-decouvrir\/temoignages\/","og_site_name":"Actistress : Pr\u00e9vention et Traitement du stress par la m\u00e9thode de la recorporation active","article_publisher":"http:\/\/facebook.com\/actistress","article_modified_time":"2025-10-30T16:27:51+00:00","og_image":[{"width":65,"height":90,"url":"https:\/\/actistress.com\/wp-content\/uploads\/2024\/03\/punaise-1.png","type":"image\/png"}],"twitter_card":"summary_large_image","twitter_site":"@actistress","twitter_misc":{"Dur\u00e9e de lecture estim\u00e9e":"4 minutes"},"schema":{"@context":"https:\/\/schema.org","@graph":[{"@type":"WebPage","@id":"https:\/\/actistress.com\/nous-decouvrir\/temoignages\/","url":"https:\/\/actistress.com\/nous-decouvrir\/temoignages\/","name":"T\u00e9moignages - Actistress : Pr\u00e9vention et Traitement du stress par la m\u00e9thode de la recorporation active","isPartOf":{"@id":"https:\/\/actistress.com\/fr\/#website"},"primaryImageOfPage":{"@id":"https:\/\/actistress.com\/nous-decouvrir\/temoignages\/#primaryimage"},"image":{"@id":"https:\/\/actistress.com\/nous-decouvrir\/temoignages\/#primaryimage"},"thumbnailUrl":"https:\/\/actistress.com\/wp-content\/uploads\/2024\/03\/punaise-1.png","datePublished":"2022-01-18T08:31:56+00:00","dateModified":"2025-10-30T16:27:51+00:00","breadcrumb":{"@id":"https:\/\/actistress.com\/nous-decouvrir\/temoignages\/#breadcrumb"},"inLanguage":"fr-FR","potentialAction":[{"@type":"ReadAction","target":["https:\/\/actistress.com\/nous-decouvrir\/temoignages\/"]}]},{"@type":"ImageObject","inLanguage":"fr-FR","@id":"https:\/\/actistress.com\/nous-decouvrir\/temoignages\/#primaryimage","url":"https:\/\/actistress.com\/wp-content\/uploads\/2024\/03\/punaise-1.png","contentUrl":"https:\/\/actistress.com\/wp-content\/uploads\/2024\/03\/punaise-1.png"},{"@type":"BreadcrumbList","@id":"https:\/\/actistress.com\/nous-decouvrir\/temoignages\/#breadcrumb","itemListElement":[{"@type":"ListItem","position":1,"name":"Accueil","item":"https:\/\/actistress.com\/"},{"@type":"ListItem","position":2,"name":"Nous d\u00e9couvrir","item":"https:\/\/actistress.com\/nous-decouvrir\/"},{"@type":"ListItem","position":3,"name":"T\u00e9moignages"}]},{"@type":"WebSite","@id":"https:\/\/actistress.com\/fr\/#website","url":"https:\/\/actistress.com\/fr\/","name":"Actistress : Pr\u00e9vention et Traitement du stress par la m\u00e9thode de la recorporation active","description":"","publisher":{"@id":"https:\/\/actistress.com\/fr\/#organization"},"potentialAction":[{"@type":"SearchAction","target":{"@type":"EntryPoint","urlTemplate":"https:\/\/actistress.com\/fr\/?s={search_term_string}"},"query-input":{"@type":"PropertyValueSpecification","valueRequired":true,"valueName":"search_term_string"}}],"inLanguage":"fr-FR"},{"@type":"Organization","@id":"https:\/\/actistress.com\/fr\/#organization","name":"Actistress","url":"https:\/\/actistress.com\/fr\/","logo":{"@type":"ImageObject","inLanguage":"fr-FR","@id":"https:\/\/actistress.com\/fr\/#\/schema\/logo\/image\/","url":"https:\/\/actistress.com\/wp-content\/uploads\/2020\/06\/logo-1.png","contentUrl":"https:\/\/actistress.com\/wp-content\/uploads\/2020\/06\/logo-1.png","width":1428,"height":781,"caption":"Actistress"},"image":{"@id":"https:\/\/actistress.com\/fr\/#\/schema\/logo\/image\/"},"sameAs":["http:\/\/facebook.com\/actistress","https:\/\/x.com\/actistress","http:\/\/instagram.com\/actistress","http:\/\/linkedin.com\/company\/actistress","https:\/\/www.youtube.com\/channel\/UCyQTHYldyX9uD0QpLdyk0ag"]}]}},"_links":{"self":[{"href":"https:\/\/actistress.com\/fr\/wp-json\/wp\/v2\/pages\/4135","targetHints":{"allow":["GET"]}}],"collection":[{"href":"https:\/\/actistress.com\/fr\/wp-json\/wp\/v2\/pages"}],"about":[{"href":"https:\/\/actistress.com\/fr\/wp-json\/wp\/v2\/types\/page"}],"author":[{"embeddable":true,"href":"https:\/\/actistress.com\/fr\/wp-json\/wp\/v2\/users\/1"}],"replies":[{"embeddable":true,"href":"https:\/\/actistress.com\/fr\/wp-json\/wp\/v2\/comments?post=4135"}],"version-history":[{"count":13,"href":"https:\/\/actistress.com\/fr\/wp-json\/wp\/v2\/pages\/4135\/revisions"}],"predecessor-version":[{"id":10047,"href":"https:\/\/actistress.com\/fr\/wp-json\/wp\/v2\/pages\/4135\/revisions\/10047"}],"up":[{"embeddable":true,"href":"https:\/\/actistress.com\/fr\/wp-json\/wp\/v2\/pages\/9615"}],"wp:attachment":[{"href":"https:\/\/actistress.com\/fr\/wp-json\/wp\/v2\/media?parent=4135"}],"curies":[{"name":"wp","href":"https:\/\/api.w.org\/{rel}","templated":true}]}}