{"id":24,"date":"2018-02-12T14:48:23","date_gmt":"2018-02-12T14:48:23","guid":{"rendered":"http:\/\/localhost\/actistress\/contact\/"},"modified":"2025-10-30T17:34:49","modified_gmt":"2025-10-30T16:34:49","slug":"contact","status":"publish","type":"page","link":"https:\/\/actistress.com\/fr\/contact\/","title":{"rendered":"Contact"},"content":{"rendered":"\t\t<div data-elementor-type=\"wp-post\" data-elementor-id=\"24\" class=\"elementor elementor-24\">\n\t\t\t\t\t\t<section class=\"elementor-section elementor-top-section elementor-element elementor-element-3d0608a elementor-section-content-middle elementor-reverse-mobile elementor-section-boxed elementor-section-height-default elementor-section-height-default\" data-id=\"3d0608a\" data-element_type=\"section\" data-e-type=\"section\" data-settings=\"{&quot;background_background&quot;:&quot;classic&quot;}\">\n\t\t\t\t\t\t\t<div class=\"elementor-background-overlay\"><\/div>\n\t\t\t\t\t\t\t<div class=\"elementor-container elementor-column-gap-extended\">\n\t\t\t\t\t<div class=\"elementor-column elementor-col-100 elementor-top-column elementor-element elementor-element-3507c2d\" data-id=\"3507c2d\" data-element_type=\"column\" data-e-type=\"column\">\n\t\t\t<div class=\"elementor-widget-wrap\">\n\t\t\t\t\t\t\t<\/div>\n\t\t<\/div>\n\t\t\t\t\t<\/div>\n\t\t<\/section>\n\t\t<div class=\"elementor-element elementor-element-d21ee1e e-flex e-con-boxed e-con e-parent\" data-id=\"d21ee1e\" data-element_type=\"container\" data-e-type=\"container\">\n\t\t\t\t\t<div class=\"e-con-inner\">\n\t\t<div class=\"elementor-element elementor-element-4a0ee92 e-flex e-con-boxed e-con e-child\" data-id=\"4a0ee92\" data-element_type=\"container\" data-e-type=\"container\" data-settings=\"{&quot;background_background&quot;:&quot;classic&quot;}\">\n\t\t\t\t\t<div class=\"e-con-inner\">\n\t\t\t\t<div class=\"elementor-element elementor-element-2e39b76 elementor-widget__width-inherit elementor-absolute elementor-widget elementor-widget-image\" data-id=\"2e39b76\" data-element_type=\"widget\" data-e-type=\"widget\" data-settings=\"{&quot;_position&quot;:&quot;absolute&quot;}\" data-widget_type=\"image.default\">\n\t\t\t\t\t\t\t\t\t\t\t\t\t\t\t<img decoding=\"async\" width=\"65\" height=\"90\" src=\"https:\/\/actistress.com\/wp-content\/uploads\/2024\/03\/punaise-1.png\" class=\"attachment-medium size-medium wp-image-8505\" alt=\"\" srcset=\"https:\/\/actistress.com\/wp-content\/uploads\/2024\/03\/punaise-1.png 65w, https:\/\/actistress.com\/wp-content\/uploads\/2024\/03\/punaise-1-9x12.png 9w\" sizes=\"(max-width: 65px) 100vw, 65px\" \/>\t\t\t\t\t\t\t\t\t\t\t\t\t\t\t<\/div>\n\t\t<div class=\"elementor-element elementor-element-7226ba2 e-con-full e-flex e-con e-child\" data-id=\"7226ba2\" data-element_type=\"container\" data-e-type=\"container\">\n\t\t\t\t<div class=\"elementor-element elementor-element-dbd2450 elementor-widget elementor-widget-heading\" data-id=\"dbd2450\" data-element_type=\"widget\" data-e-type=\"widget\" data-widget_type=\"heading.default\">\n\t\t\t\t\t<h1 class=\"elementor-heading-title elementor-size-default\">Nous<br>Contacter<\/h1>\t\t\t\t<\/div>\n\t\t\t\t<\/div>\n\t\t<div class=\"elementor-element elementor-element-f9ee28a e-con-full e-flex e-con e-child\" data-id=\"f9ee28a\" data-element_type=\"container\" data-e-type=\"container\">\n\t\t\t\t<div class=\"elementor-element elementor-element-9b653f7 elementor-widget__width-initial elementor-absolute elementor-hidden-mobile elementor-widget elementor-widget-image\" data-id=\"9b653f7\" data-element_type=\"widget\" data-e-type=\"widget\" data-settings=\"{&quot;_position&quot;:&quot;absolute&quot;}\" data-widget_type=\"image.default\">\n\t\t\t\t\t\t\t\t\t\t\t\t\t\t\t<img fetchpriority=\"high\" decoding=\"async\" width=\"624\" height=\"626\" src=\"https:\/\/actistress.com\/wp-content\/uploads\/2024\/04\/ligne.png\" class=\"attachment-large size-large wp-image-8760\" alt=\"\" srcset=\"https:\/\/actistress.com\/wp-content\/uploads\/2024\/04\/ligne.png 624w, https:\/\/actistress.com\/wp-content\/uploads\/2024\/04\/ligne-300x300.png 300w, https:\/\/actistress.com\/wp-content\/uploads\/2024\/04\/ligne-150x150.png 150w, https:\/\/actistress.com\/wp-content\/uploads\/2024\/04\/ligne-12x12.png 12w\" sizes=\"(max-width: 624px) 100vw, 624px\" \/>\t\t\t\t\t\t\t\t\t\t\t\t\t\t\t<\/div>\n\t\t\t\t<\/div>\n\t\t<div class=\"elementor-element elementor-element-adceed9 e-flex e-con-boxed e-con e-child\" data-id=\"adceed9\" data-element_type=\"container\" data-e-type=\"container\">\n\t\t\t\t\t<div class=\"e-con-inner\">\n\t\t\t\t<div class=\"elementor-element elementor-element-1ad7785 elementor-widget elementor-widget-image\" data-id=\"1ad7785\" data-element_type=\"widget\" data-e-type=\"widget\" data-widget_type=\"image.default\">\n\t\t\t\t\t\t\t\t\t\t\t\t\t\t\t<img decoding=\"async\" width=\"748\" height=\"317\" src=\"https:\/\/actistress.com\/wp-content\/uploads\/2025\/10\/logo-actistress.png\" class=\"attachment-medium_large size-medium_large wp-image-9925\" alt=\"\" srcset=\"https:\/\/actistress.com\/wp-content\/uploads\/2025\/10\/logo-actistress.png 748w, https:\/\/actistress.com\/wp-content\/uploads\/2025\/10\/logo-actistress-300x127.png 300w, https:\/\/actistress.com\/wp-content\/uploads\/2025\/10\/logo-actistress-18x8.png 18w\" sizes=\"(max-width: 748px) 100vw, 748px\" \/>\t\t\t\t\t\t\t\t\t\t\t\t\t\t\t<\/div>\n\t\t\t\t\t<\/div>\n\t\t\t\t<\/div>\n\t\t\t\t\t<\/div>\n\t\t\t\t<\/div>\n\t\t\t\t\t<\/div>\n\t\t\t\t<\/div>\n\t\t<div class=\"elementor-element elementor-element-85407b4 e-flex e-con-boxed e-con e-parent\" data-id=\"85407b4\" data-element_type=\"container\" data-e-type=\"container\">\n\t\t\t\t\t<div class=\"e-con-inner\">\n\t\t<div class=\"elementor-element elementor-element-aedc666 e-con-full e-flex e-con e-child\" data-id=\"aedc666\" data-element_type=\"container\" data-e-type=\"container\">\n\t\t\t\t<div class=\"elementor-element elementor-element-c31c649 elementor-widget elementor-widget-heading\" data-id=\"c31c649\" data-element_type=\"widget\" data-e-type=\"widget\" data-widget_type=\"heading.default\">\n\t\t\t\t\t<h2 class=\"elementor-heading-title elementor-size-default\">Coordonn\u00e9es de contact<\/h2>\t\t\t\t<\/div>\n\t\t\t\t<div class=\"elementor-element elementor-element-832977e elementor-widget elementor-widget-text-editor\" data-id=\"832977e\" data-element_type=\"widget\" data-e-type=\"widget\" data-widget_type=\"text-editor.default\">\n\t\t\t\t\t\t\t\t\t<h4>T\u00e9l\u00e9phone : +(33) 1 46 61 00 51<\/h4><h4>Mail : contact@actistress.com<\/h4>\t\t\t\t\t\t\t\t<\/div>\n\t\t\t\t<\/div>\n\t\t<div class=\"elementor-element elementor-element-bd7a76c e-con-full e-flex e-con e-child\" data-id=\"bd7a76c\" data-element_type=\"container\" data-e-type=\"container\">\n\t\t\t\t<div class=\"elementor-element elementor-element-a1e15f9 elementor-widget elementor-widget-html\" data-id=\"a1e15f9\" data-element_type=\"widget\" data-e-type=\"widget\" data-widget_type=\"html.default\">\n\t\t\t\t\t<script src='https:\/\/crm.zoho.eu\/crm\/WebFormServeServlet?rid=819e274297c58a3ab65f18e46ea591333bd2aaede2d5cb064aac84b9ca7a92f9gid529d92437bb2ad17c3fe95805d769379ade7b823bd7345bdbff7eecf39148edd&script=$sYG'><\/script>\t\t\t\t<\/div>\n\t\t\t\t<\/div>\n\t\t\t\t\t<\/div>\n\t\t\t\t<\/div>\n\t\t\t\t<\/div>\n\t\t","protected":false},"excerpt":{"rendered":"<p>NousContacter Coordonn\u00e9es de contact T\u00e9l\u00e9phone : +(33) 1 46 61 00 51 Mail : contact@actistress.com<\/p>\n","protected":false},"author":1,"featured_media":0,"parent":0,"menu_order":0,"comment_status":"closed","ping_status":"closed","template":"","meta":{"_acf_changed":false,"site-sidebar-layout":"no-sidebar","site-content-layout":"page-builder","ast-site-content-layout":"default","site-content-style":"default","site-sidebar-style":"default","ast-global-header-display":"","ast-banner-title-visibility":"","ast-main-header-display":"","ast-hfb-above-header-display":"","ast-hfb-below-header-display":"","ast-hfb-mobile-header-display":"","site-post-title":"disabled","ast-breadcrumbs-content":"","ast-featured-img":"disabled","footer-sml-layout":"","ast-disable-related-posts":"","theme-transparent-header-meta":"default","adv-header-id-meta":"","stick-header-meta":"","header-above-stick-meta":"","header-main-stick-meta":"","header-below-stick-meta":"","astra-migrate-meta-layouts":"default","ast-page-background-enabled":"default","ast-page-background-meta":{"desktop":{"background-color":"","background-image":"","background-repeat":"repeat","background-position":"center center","background-size":"auto","background-attachment":"scroll","background-type":"","background-media":"","overlay-type":"","overlay-color":"","overlay-opacity":"","overlay-gradient":""},"tablet":{"background-color":"","background-image":"","background-repeat":"repeat","background-position":"center center","background-size":"auto","background-attachment":"scroll","background-type":"","background-media":"","overlay-type":"","overlay-color":"","overlay-opacity":"","overlay-gradient":""},"mobile":{"background-color":"","background-image":"","background-repeat":"repeat","background-position":"center center","background-size":"auto","background-attachment":"scroll","background-type":"","background-media":"","overlay-type":"","overlay-color":"","overlay-opacity":"","overlay-gradient":""}},"ast-content-background-meta":{"desktop":{"background-color":"var(--ast-global-color-5)","background-image":"","background-repeat":"repeat","background-position":"center center","background-size":"auto","background-attachment":"scroll","background-type":"","background-media":"","overlay-type":"","overlay-color":"","overlay-opacity":"","overlay-gradient":""},"tablet":{"background-color":"var(--ast-global-color-5)","background-image":"","background-repeat":"repeat","background-position":"center center","background-size":"auto","background-attachment":"scroll","background-type":"","background-media":"","overlay-type":"","overlay-color":"","overlay-opacity":"","overlay-gradient":""},"mobile":{"background-color":"var(--ast-global-color-5)","background-image":"","background-repeat":"repeat","background-position":"center center","background-size":"auto","background-attachment":"scroll","background-type":"","background-media":"","overlay-type":"","overlay-color":"","overlay-opacity":"","overlay-gradient":""}},"footnotes":""},"class_list":["post-24","page","type-page","status-publish","hentry"],"acf":[],"yoast_head":"<!-- This site is optimized with the Yoast SEO plugin v27.3 - https:\/\/yoast.com\/product\/yoast-seo-wordpress\/ -->\n<title>Fiche contact Actistress sur la pr\u00e9vention et le traitement du stress<\/title>\n<meta name=\"description\" content=\"Contactez nous pour en savoir plus sur notre m\u00e9thode de pr\u00e9vention et de traitement du stress par la recorporation active\" \/>\n<meta name=\"robots\" content=\"index, follow, max-snippet:-1, max-image-preview:large, max-video-preview:-1\" \/>\n<link rel=\"canonical\" href=\"https:\/\/actistress.com\/fr\/contact\/\" \/>\n<meta property=\"og:locale\" content=\"fr_FR\" \/>\n<meta property=\"og:type\" content=\"article\" \/>\n<meta property=\"og:title\" content=\"Fiche contact Actistress sur la pr\u00e9vention et le traitement du stress\" \/>\n<meta property=\"og:description\" content=\"Contactez nous pour en savoir plus sur notre m\u00e9thode de pr\u00e9vention et de traitement du stress par la recorporation active\" \/>\n<meta property=\"og:url\" content=\"https:\/\/actistress.com\/fr\/contact\/\" \/>\n<meta property=\"og:site_name\" content=\"Actistress : Pr\u00e9vention et Traitement du stress par la m\u00e9thode de la recorporation active\" \/>\n<meta property=\"article:publisher\" content=\"http:\/\/facebook.com\/actistress\" \/>\n<meta property=\"article:modified_time\" content=\"2025-10-30T16:34:49+00:00\" \/>\n<meta property=\"og:image\" content=\"https:\/\/actistress.com\/wp-content\/uploads\/2024\/03\/punaise-1.png\" \/>\n\t<meta property=\"og:image:width\" content=\"65\" \/>\n\t<meta property=\"og:image:height\" content=\"90\" \/>\n\t<meta property=\"og:image:type\" content=\"image\/png\" \/>\n<meta name=\"twitter:card\" content=\"summary_large_image\" \/>\n<meta name=\"twitter:site\" content=\"@actistress\" \/>\n<meta name=\"twitter:label1\" content=\"Dur\u00e9e de lecture estim\u00e9e\" \/>\n\t<meta name=\"twitter:data1\" content=\"1 minute\" \/>\n<script type=\"application\/ld+json\" class=\"yoast-schema-graph\">{\"@context\":\"https:\\\/\\\/schema.org\",\"@graph\":[{\"@type\":\"WebPage\",\"@id\":\"https:\\\/\\\/actistress.com\\\/contact\\\/\",\"url\":\"https:\\\/\\\/actistress.com\\\/contact\\\/\",\"name\":\"Fiche contact Actistress sur la pr\u00e9vention et le traitement du stress\",\"isPartOf\":{\"@id\":\"https:\\\/\\\/actistress.com\\\/fr\\\/#website\"},\"primaryImageOfPage\":{\"@id\":\"https:\\\/\\\/actistress.com\\\/contact\\\/#primaryimage\"},\"image\":{\"@id\":\"https:\\\/\\\/actistress.com\\\/contact\\\/#primaryimage\"},\"thumbnailUrl\":\"https:\\\/\\\/actistress.com\\\/wp-content\\\/uploads\\\/2024\\\/03\\\/punaise-1.png\",\"datePublished\":\"2018-02-12T14:48:23+00:00\",\"dateModified\":\"2025-10-30T16:34:49+00:00\",\"description\":\"Contactez nous pour en savoir plus sur notre m\u00e9thode de pr\u00e9vention et de traitement du stress par la recorporation active\",\"breadcrumb\":{\"@id\":\"https:\\\/\\\/actistress.com\\\/contact\\\/#breadcrumb\"},\"inLanguage\":\"fr-FR\",\"potentialAction\":[{\"@type\":\"ReadAction\",\"target\":[\"https:\\\/\\\/actistress.com\\\/contact\\\/\"]}]},{\"@type\":\"ImageObject\",\"inLanguage\":\"fr-FR\",\"@id\":\"https:\\\/\\\/actistress.com\\\/contact\\\/#primaryimage\",\"url\":\"https:\\\/\\\/actistress.com\\\/wp-content\\\/uploads\\\/2024\\\/03\\\/punaise-1.png\",\"contentUrl\":\"https:\\\/\\\/actistress.com\\\/wp-content\\\/uploads\\\/2024\\\/03\\\/punaise-1.png\"},{\"@type\":\"BreadcrumbList\",\"@id\":\"https:\\\/\\\/actistress.com\\\/contact\\\/#breadcrumb\",\"itemListElement\":[{\"@type\":\"ListItem\",\"position\":1,\"name\":\"Accueil\",\"item\":\"https:\\\/\\\/actistress.com\\\/\"},{\"@type\":\"ListItem\",\"position\":2,\"name\":\"Contact\"}]},{\"@type\":\"WebSite\",\"@id\":\"https:\\\/\\\/actistress.com\\\/fr\\\/#website\",\"url\":\"https:\\\/\\\/actistress.com\\\/fr\\\/\",\"name\":\"Actistress : Pr\u00e9vention et Traitement du stress par la m\u00e9thode de la recorporation active\",\"description\":\"\",\"publisher\":{\"@id\":\"https:\\\/\\\/actistress.com\\\/fr\\\/#organization\"},\"potentialAction\":[{\"@type\":\"SearchAction\",\"target\":{\"@type\":\"EntryPoint\",\"urlTemplate\":\"https:\\\/\\\/actistress.com\\\/fr\\\/?s={search_term_string}\"},\"query-input\":{\"@type\":\"PropertyValueSpecification\",\"valueRequired\":true,\"valueName\":\"search_term_string\"}}],\"inLanguage\":\"fr-FR\"},{\"@type\":\"Organization\",\"@id\":\"https:\\\/\\\/actistress.com\\\/fr\\\/#organization\",\"name\":\"Actistress\",\"url\":\"https:\\\/\\\/actistress.com\\\/fr\\\/\",\"logo\":{\"@type\":\"ImageObject\",\"inLanguage\":\"fr-FR\",\"@id\":\"https:\\\/\\\/actistress.com\\\/fr\\\/#\\\/schema\\\/logo\\\/image\\\/\",\"url\":\"https:\\\/\\\/actistress.com\\\/wp-content\\\/uploads\\\/2020\\\/06\\\/logo-1.png\",\"contentUrl\":\"https:\\\/\\\/actistress.com\\\/wp-content\\\/uploads\\\/2020\\\/06\\\/logo-1.png\",\"width\":1428,\"height\":781,\"caption\":\"Actistress\"},\"image\":{\"@id\":\"https:\\\/\\\/actistress.com\\\/fr\\\/#\\\/schema\\\/logo\\\/image\\\/\"},\"sameAs\":[\"http:\\\/\\\/facebook.com\\\/actistress\",\"https:\\\/\\\/x.com\\\/actistress\",\"http:\\\/\\\/instagram.com\\\/actistress\",\"http:\\\/\\\/linkedin.com\\\/company\\\/actistress\",\"https:\\\/\\\/www.youtube.com\\\/channel\\\/UCyQTHYldyX9uD0QpLdyk0ag\"]}]}<\/script>\n<!-- \/ Yoast SEO plugin. -->","yoast_head_json":{"title":"Fiche contact Actistress sur la pr\u00e9vention et le traitement du stress","description":"Contactez nous pour en savoir plus sur notre m\u00e9thode de pr\u00e9vention et de traitement du stress par la recorporation active","robots":{"index":"index","follow":"follow","max-snippet":"max-snippet:-1","max-image-preview":"max-image-preview:large","max-video-preview":"max-video-preview:-1"},"canonical":"https:\/\/actistress.com\/fr\/contact\/","og_locale":"fr_FR","og_type":"article","og_title":"Fiche contact Actistress sur la pr\u00e9vention et le traitement du stress","og_description":"Contactez nous pour en savoir plus sur notre m\u00e9thode de pr\u00e9vention et de traitement du stress par la recorporation active","og_url":"https:\/\/actistress.com\/fr\/contact\/","og_site_name":"Actistress : Pr\u00e9vention et Traitement du stress par la m\u00e9thode de la recorporation active","article_publisher":"http:\/\/facebook.com\/actistress","article_modified_time":"2025-10-30T16:34:49+00:00","og_image":[{"width":65,"height":90,"url":"https:\/\/actistress.com\/wp-content\/uploads\/2024\/03\/punaise-1.png","type":"image\/png"}],"twitter_card":"summary_large_image","twitter_site":"@actistress","twitter_misc":{"Dur\u00e9e de lecture estim\u00e9e":"1 minute"},"schema":{"@context":"https:\/\/schema.org","@graph":[{"@type":"WebPage","@id":"https:\/\/actistress.com\/contact\/","url":"https:\/\/actistress.com\/contact\/","name":"Fiche contact Actistress sur la pr\u00e9vention et le traitement du stress","isPartOf":{"@id":"https:\/\/actistress.com\/fr\/#website"},"primaryImageOfPage":{"@id":"https:\/\/actistress.com\/contact\/#primaryimage"},"image":{"@id":"https:\/\/actistress.com\/contact\/#primaryimage"},"thumbnailUrl":"https:\/\/actistress.com\/wp-content\/uploads\/2024\/03\/punaise-1.png","datePublished":"2018-02-12T14:48:23+00:00","dateModified":"2025-10-30T16:34:49+00:00","description":"Contactez nous pour en savoir plus sur notre m\u00e9thode de pr\u00e9vention et de traitement du stress par la recorporation active","breadcrumb":{"@id":"https:\/\/actistress.com\/contact\/#breadcrumb"},"inLanguage":"fr-FR","potentialAction":[{"@type":"ReadAction","target":["https:\/\/actistress.com\/contact\/"]}]},{"@type":"ImageObject","inLanguage":"fr-FR","@id":"https:\/\/actistress.com\/contact\/#primaryimage","url":"https:\/\/actistress.com\/wp-content\/uploads\/2024\/03\/punaise-1.png","contentUrl":"https:\/\/actistress.com\/wp-content\/uploads\/2024\/03\/punaise-1.png"},{"@type":"BreadcrumbList","@id":"https:\/\/actistress.com\/contact\/#breadcrumb","itemListElement":[{"@type":"ListItem","position":1,"name":"Accueil","item":"https:\/\/actistress.com\/"},{"@type":"ListItem","position":2,"name":"Contact"}]},{"@type":"WebSite","@id":"https:\/\/actistress.com\/fr\/#website","url":"https:\/\/actistress.com\/fr\/","name":"Actistress : Pr\u00e9vention et Traitement du stress par la m\u00e9thode de la recorporation active","description":"","publisher":{"@id":"https:\/\/actistress.com\/fr\/#organization"},"potentialAction":[{"@type":"SearchAction","target":{"@type":"EntryPoint","urlTemplate":"https:\/\/actistress.com\/fr\/?s={search_term_string}"},"query-input":{"@type":"PropertyValueSpecification","valueRequired":true,"valueName":"search_term_string"}}],"inLanguage":"fr-FR"},{"@type":"Organization","@id":"https:\/\/actistress.com\/fr\/#organization","name":"Actistress","url":"https:\/\/actistress.com\/fr\/","logo":{"@type":"ImageObject","inLanguage":"fr-FR","@id":"https:\/\/actistress.com\/fr\/#\/schema\/logo\/image\/","url":"https:\/\/actistress.com\/wp-content\/uploads\/2020\/06\/logo-1.png","contentUrl":"https:\/\/actistress.com\/wp-content\/uploads\/2020\/06\/logo-1.png","width":1428,"height":781,"caption":"Actistress"},"image":{"@id":"https:\/\/actistress.com\/fr\/#\/schema\/logo\/image\/"},"sameAs":["http:\/\/facebook.com\/actistress","https:\/\/x.com\/actistress","http:\/\/instagram.com\/actistress","http:\/\/linkedin.com\/company\/actistress","https:\/\/www.youtube.com\/channel\/UCyQTHYldyX9uD0QpLdyk0ag"]}]}},"_links":{"self":[{"href":"https:\/\/actistress.com\/fr\/wp-json\/wp\/v2\/pages\/24","targetHints":{"allow":["GET"]}}],"collection":[{"href":"https:\/\/actistress.com\/fr\/wp-json\/wp\/v2\/pages"}],"about":[{"href":"https:\/\/actistress.com\/fr\/wp-json\/wp\/v2\/types\/page"}],"author":[{"embeddable":true,"href":"https:\/\/actistress.com\/fr\/wp-json\/wp\/v2\/users\/1"}],"replies":[{"embeddable":true,"href":"https:\/\/actistress.com\/fr\/wp-json\/wp\/v2\/comments?post=24"}],"version-history":[{"count":12,"href":"https:\/\/actistress.com\/fr\/wp-json\/wp\/v2\/pages\/24\/revisions"}],"predecessor-version":[{"id":10065,"href":"https:\/\/actistress.com\/fr\/wp-json\/wp\/v2\/pages\/24\/revisions\/10065"}],"wp:attachment":[{"href":"https:\/\/actistress.com\/fr\/wp-json\/wp\/v2\/media?parent=24"}],"curies":[{"name":"wp","href":"https:\/\/api.w.org\/{rel}","templated":true}]}}